{"id":860,"date":"2017-05-08T09:44:19","date_gmt":"2017-05-08T09:44:19","guid":{"rendered":"http:\/\/tenkabest.com\/?page_id=860\/"},"modified":"2025-03-12T11:46:33","modified_gmt":"2025-03-12T11:46:33","slug":"products","status":"publish","type":"page","link":"https:\/\/tenkabest.com\/fr\/products\/","title":{"rendered":"Produits"},"content":{"rendered":"<div class=\"fusion-fullwidth fullwidth-box fusion-builder-row-1 fusion-flex-container has-pattern-background has-mask-background nonhundred-percent-fullwidth non-hundred-percent-height-scrolling\" style=\"--awb-border-radius-top-left:0px;--awb-border-radius-top-right:0px;--awb-border-radius-bottom-right:0px;--awb-border-radius-bottom-left:0px;--awb-flex-wrap:wrap;\" ><div class=\"fusion-builder-row fusion-row fusion-flex-align-items-flex-start fusion-flex-content-wrap\" style=\"max-width:1248px;margin-left: calc(-4% \/ 2 );margin-right: calc(-4% \/ 2 );\"><div class=\"fusion-layout-column fusion_builder_column fusion-builder-column-0 fusion_builder_column_1_1 1_1 fusion-flex-column\" style=\"--awb-bg-size:cover;--awb-width-large:100%;--awb-margin-top-large:0px;--awb-spacing-right-large:1.92%;--awb-margin-bottom-large:0px;--awb-spacing-left-large:1.92%;--awb-width-medium:100%;--awb-spacing-right-medium:1.92%;--awb-spacing-left-medium:1.92%;--awb-width-small:100%;--awb-spacing-right-small:1.92%;--awb-spacing-left-small:1.92%;\"><div class=\"fusion-column-wrapper fusion-flex-justify-content-flex-start fusion-content-layout-column\"><div class=\"fusion-text fusion-text-1\"><p style=\"font-weight: 400;\">Chez Tenka Best, nous sommes des fabricants. Nous fabriquons 3 lignes de produits, la ligne de produits <strong>TENKA <\/strong>pour la d\u00e9sodorisation, la ligne de produits <strong>EFI<\/strong> pour la d\u00e9sinfection et le nettoyage de la maison, et la ligne de produits <strong>EFI-PROTECT <\/strong>pour la pr\u00e9vention des insectes dans la maison.<\/p>\n<\/div><div class=\"fusion-separator fusion-full-width-sep\" style=\"align-self: center;margin-left: auto;margin-right: auto;margin-top:50px;width:100%;\"><\/div><div class=\"fusion-content-boxes content-boxes columns row fusion-columns-3 fusion-columns-total-3 fusion-content-boxes-1 content-boxes-icon-with-title content-left has-flex-alignment\" style=\"--awb-alignment:center;--awb-hover-accent-color:var(--awb-custom_color_1);--awb-circle-hover-accent-color:var(--awb-custom_color_1);\" data-animationOffset=\"top-into-view\"><div style=\"--awb-backgroundcolor:rgba(255,255,255,0);\" class=\"fusion-column content-box-column content-box-column content-box-column-1 col-lg-4 col-md-4 col-sm-4 fusion-content-box-hover content-box-column-first-in-row\"><div class=\"col content-box-wrapper content-wrapper link-area-box link-type-button-bar content-icon-wrapper-yes icon-hover-animation-fade\" data-link=\"https:\/\/tenkabest.com\/fr\/tenka-best-home-protection\/\" data-link-target=\"_self\" data-animationOffset=\"top-into-view\"><div class=\"heading heading-with-icon icon-left\"><a class=\"heading-link\" style=\"float:left;\" href=\"https:\/\/tenkabest.com\/fr\/tenka-best-home-protection\/\" target=\"_self\"><div aria-hidden=\"true\" class=\"image\"><img decoding=\"async\" src=\"https:\/\/tenkabest.com\/wp-content\/uploads\/2024\/04\/TenkaBest_Protection_H-copia-1-400x158.png\" width=\"400\" height=\"158\" alt=\"Tenka Best Home Protection\" \/><\/div><\/a><\/div><div class=\"fusion-clearfix\"><\/div><div class=\"content-container\">\n<p>Produits environnementaux pour la protection des habitations contre les insectes.<\/p>\n<\/div><div class=\"fusion-clearfix\"><\/div><a class=\" fusion-read-more fusion-button-bar\" style=\"float:left;\" href=\"https:\/\/tenkabest.com\/fr\/tenka-best-home-protection\/\" target=\"_self\">Voir les produits<\/a><div class=\"fusion-clearfix\"><\/div><\/div><\/div><div style=\"--awb-backgroundcolor:rgba(255,255,255,0);\" class=\"fusion-column content-box-column content-box-column content-box-column-2 col-lg-4 col-md-4 col-sm-4 fusion-content-box-hover \"><div class=\"col content-box-wrapper content-wrapper link-area-box link-type-button-bar content-icon-wrapper-yes icon-hover-animation-fade\" data-link=\"https:\/\/tenkabest.com\/fr\/tenka-best-air-care\/\" data-link-target=\"_self\" data-animationOffset=\"top-into-view\"><div class=\"heading heading-with-icon icon-left\"><a class=\"heading-link\" style=\"float:left;\" href=\"https:\/\/tenkabest.com\/fr\/tenka-best-air-care\/\" target=\"_self\"><div aria-hidden=\"true\" class=\"image\"><img decoding=\"async\" src=\"https:\/\/tenkabest.com\/wp-content\/uploads\/2024\/04\/TenkaBest_AirCare-300x153.png\" width=\"300\" height=\"153\" alt=\"Tenka Best Air Care\" \/><\/div><\/a><\/div><div class=\"fusion-clearfix\"><\/div><div class=\"content-container\">\n<p>Produits d\u00e9sodorisants de qualit\u00e9, s\u00fbrs et sans alcool.<\/p>\n<\/div><div class=\"fusion-clearfix\"><\/div><a class=\" fusion-read-more fusion-button-bar\" style=\"float:left;\" href=\"https:\/\/tenkabest.com\/fr\/tenka-best-air-care\/\" target=\"_self\">Voir les produits<\/a><div class=\"fusion-clearfix\"><\/div><\/div><\/div><div style=\"--awb-backgroundcolor:rgba(255,255,255,0);\" class=\"fusion-column content-box-column content-box-column content-box-column-3 col-lg-4 col-md-4 col-sm-4 fusion-content-box-hover content-box-column-last content-box-column-last-in-row\"><div class=\"col content-box-wrapper content-wrapper link-area-box link-type-button-bar content-icon-wrapper-yes icon-hover-animation-fade\" data-link=\"https:\/\/tenkabest.com\/fr\/tenka-best-nettoyage-et-desinfection\/\" data-link-target=\"_self\" data-animationOffset=\"top-into-view\"><div class=\"heading heading-with-icon icon-left\"><a class=\"heading-link\" style=\"float:left;\" href=\"https:\/\/tenkabest.com\/fr\/tenka-best-nettoyage-et-desinfection\/\" target=\"_self\"><div aria-hidden=\"true\" class=\"image\"><img decoding=\"async\" src=\"https:\/\/tenkabest.com\/wp-content\/uploads\/2024\/04\/TenkaBest_Cleaning-1-300x153.png\" width=\"300\" height=\"153\" alt=\"t\" \/><\/div><\/a><\/div><div class=\"fusion-clearfix\"><\/div><div class=\"content-container\">\n<p>Produits d&#8217;entretien et de d\u00e9sinfection EFI.<\/p>\n<\/div><div class=\"fusion-clearfix\"><\/div><a class=\" fusion-read-more fusion-button-bar\" style=\"float:left;\" href=\"https:\/\/tenkabest.com\/fr\/tenka-best-nettoyage-et-desinfection\/\" target=\"_self\">Voir les produits<\/a><div class=\"fusion-clearfix\"><\/div><\/div><\/div><div class=\"fusion-clearfix\"><\/div><\/div><\/div><\/div><\/div><\/div>\n","protected":false},"excerpt":{"rendered":"","protected":false},"author":3,"featured_media":0,"parent":0,"menu_order":0,"comment_status":"closed","ping_status":"closed","template":"","meta":{"footnotes":""},"class_list":["post-860","page","type-page","status-publish","hentry"],"yoast_head":"<!-- This site is optimized with the Yoast SEO plugin v27.4 - https:\/\/yoast.com\/product\/yoast-seo-wordpress\/ -->\n<title>Produits - TENKA BEST<\/title>\n<meta name=\"description\" content=\"Nous fabriquons 3 gammes de produits, le TENKA pour la d\u00e9sodorisation, l&#039;EFI pour la d\u00e9sinfection et le nettoyage, et l&#039;EFI-PROTECT pour la pr\u00e9vention des insectes.\" \/>\n<meta name=\"robots\" content=\"index, follow, max-snippet:-1, max-image-preview:large, max-video-preview:-1\" \/>\n<link rel=\"canonical\" href=\"https:\/\/tenkabest.com\/fr\/products\/\" \/>\n<meta property=\"og:locale\" content=\"fr_FR\" \/>\n<meta property=\"og:type\" content=\"article\" \/>\n<meta property=\"og:title\" content=\"Produits - TENKA BEST\" \/>\n<meta property=\"og:description\" content=\"Nous fabriquons 3 gammes de produits, le TENKA pour la d\u00e9sodorisation, l&#039;EFI pour la d\u00e9sinfection et le nettoyage, et l&#039;EFI-PROTECT pour la pr\u00e9vention des insectes.\" \/>\n<meta property=\"og:url\" content=\"https:\/\/tenkabest.com\/fr\/products\/\" \/>\n<meta property=\"og:site_name\" content=\"TENKA BEST\" \/>\n<meta property=\"article:modified_time\" content=\"2025-03-12T11:46:33+00:00\" \/>\n<meta property=\"og:image\" content=\"https:\/\/tenkabest.com\/wp-content\/uploads\/2021\/03\/slide3nou.jpg\" \/>\n\t<meta property=\"og:image:width\" content=\"2560\" \/>\n\t<meta property=\"og:image:height\" content=\"964\" \/>\n\t<meta property=\"og:image:type\" content=\"image\/jpeg\" \/>\n<meta name=\"twitter:card\" content=\"summary_large_image\" \/>\n<meta name=\"twitter:label1\" content=\"Dur\u00e9e de lecture estim\u00e9e\" \/>\n\t<meta name=\"twitter:data1\" content=\"1 minute\" \/>\n<script type=\"application\/ld+json\" class=\"yoast-schema-graph\">{\"@context\":\"https:\\\/\\\/schema.org\",\"@graph\":[{\"@type\":\"WebPage\",\"@id\":\"https:\\\/\\\/tenkabest.com\\\/fr\\\/products\\\/\",\"url\":\"https:\\\/\\\/tenkabest.com\\\/fr\\\/products\\\/\",\"name\":\"Produits - TENKA BEST\",\"isPartOf\":{\"@id\":\"https:\\\/\\\/tenkabest.com\\\/fr\\\/#website\"},\"datePublished\":\"2017-05-08T09:44:19+00:00\",\"dateModified\":\"2025-03-12T11:46:33+00:00\",\"description\":\"Nous fabriquons 3 gammes de produits, le TENKA pour la d\u00e9sodorisation, l'EFI pour la d\u00e9sinfection et le nettoyage, et l'EFI-PROTECT pour la pr\u00e9vention des insectes.\",\"breadcrumb\":{\"@id\":\"https:\\\/\\\/tenkabest.com\\\/fr\\\/products\\\/#breadcrumb\"},\"inLanguage\":\"fr-FR\",\"potentialAction\":[{\"@type\":\"ReadAction\",\"target\":[\"https:\\\/\\\/tenkabest.com\\\/fr\\\/products\\\/\"]}]},{\"@type\":\"BreadcrumbList\",\"@id\":\"https:\\\/\\\/tenkabest.com\\\/fr\\\/products\\\/#breadcrumb\",\"itemListElement\":[{\"@type\":\"ListItem\",\"position\":1,\"name\":\"Portada\",\"item\":\"https:\\\/\\\/tenkabest.com\\\/fr\\\/\"},{\"@type\":\"ListItem\",\"position\":2,\"name\":\"Produits\"}]},{\"@type\":\"WebSite\",\"@id\":\"https:\\\/\\\/tenkabest.com\\\/fr\\\/#website\",\"url\":\"https:\\\/\\\/tenkabest.com\\\/fr\\\/\",\"name\":\"TENKA BEST\",\"description\":\"Fabricamos ambientaci\u00f3n de calidad e insecticidas: mikados, velas, antipolillas, citronela y absorbe olores\",\"publisher\":{\"@id\":\"https:\\\/\\\/tenkabest.com\\\/fr\\\/#organization\"},\"alternateName\":\"TenkaBest\",\"potentialAction\":[{\"@type\":\"SearchAction\",\"target\":{\"@type\":\"EntryPoint\",\"urlTemplate\":\"https:\\\/\\\/tenkabest.com\\\/fr\\\/?s={search_term_string}\"},\"query-input\":{\"@type\":\"PropertyValueSpecification\",\"valueRequired\":true,\"valueName\":\"search_term_string\"}}],\"inLanguage\":\"fr-FR\"},{\"@type\":\"Organization\",\"@id\":\"https:\\\/\\\/tenkabest.com\\\/fr\\\/#organization\",\"name\":\"TENKA BEST\",\"alternateName\":\"TenkaBest\",\"url\":\"https:\\\/\\\/tenkabest.com\\\/fr\\\/\",\"logo\":{\"@type\":\"ImageObject\",\"inLanguage\":\"fr-FR\",\"@id\":\"https:\\\/\\\/tenkabest.com\\\/fr\\\/#\\\/schema\\\/logo\\\/image\\\/\",\"url\":\"https:\\\/\\\/tenkabest.com\\\/wp-content\\\/uploads\\\/2024\\\/03\\\/logo_tenkabest_web5cm-e1711368714464.jpg\",\"contentUrl\":\"https:\\\/\\\/tenkabest.com\\\/wp-content\\\/uploads\\\/2024\\\/03\\\/logo_tenkabest_web5cm-e1711368714464.jpg\",\"width\":250,\"height\":69,\"caption\":\"TENKA BEST\"},\"image\":{\"@id\":\"https:\\\/\\\/tenkabest.com\\\/fr\\\/#\\\/schema\\\/logo\\\/image\\\/\"},\"sameAs\":[\"https:\\\/\\\/www.linkedin.com\\\/company\\\/tenka-best-s-l-\",\"https:\\\/\\\/www.youtube.com\\\/@tenkabest-canal\"]}]}<\/script>\n<!-- \/ Yoast SEO plugin. -->","yoast_head_json":{"title":"Produits - TENKA BEST","description":"Nous fabriquons 3 gammes de produits, le TENKA pour la d\u00e9sodorisation, l'EFI pour la d\u00e9sinfection et le nettoyage, et l'EFI-PROTECT pour la pr\u00e9vention des insectes.","robots":{"index":"index","follow":"follow","max-snippet":"max-snippet:-1","max-image-preview":"max-image-preview:large","max-video-preview":"max-video-preview:-1"},"canonical":"https:\/\/tenkabest.com\/fr\/products\/","og_locale":"fr_FR","og_type":"article","og_title":"Produits - TENKA BEST","og_description":"Nous fabriquons 3 gammes de produits, le TENKA pour la d\u00e9sodorisation, l'EFI pour la d\u00e9sinfection et le nettoyage, et l'EFI-PROTECT pour la pr\u00e9vention des insectes.","og_url":"https:\/\/tenkabest.com\/fr\/products\/","og_site_name":"TENKA BEST","article_modified_time":"2025-03-12T11:46:33+00:00","og_image":[{"width":2560,"height":964,"url":"https:\/\/tenkabest.com\/wp-content\/uploads\/2021\/03\/slide3nou.jpg","type":"image\/jpeg"}],"twitter_card":"summary_large_image","twitter_misc":{"Dur\u00e9e de lecture estim\u00e9e":"1 minute"},"schema":{"@context":"https:\/\/schema.org","@graph":[{"@type":"WebPage","@id":"https:\/\/tenkabest.com\/fr\/products\/","url":"https:\/\/tenkabest.com\/fr\/products\/","name":"Produits - TENKA BEST","isPartOf":{"@id":"https:\/\/tenkabest.com\/fr\/#website"},"datePublished":"2017-05-08T09:44:19+00:00","dateModified":"2025-03-12T11:46:33+00:00","description":"Nous fabriquons 3 gammes de produits, le TENKA pour la d\u00e9sodorisation, l'EFI pour la d\u00e9sinfection et le nettoyage, et l'EFI-PROTECT pour la pr\u00e9vention des insectes.","breadcrumb":{"@id":"https:\/\/tenkabest.com\/fr\/products\/#breadcrumb"},"inLanguage":"fr-FR","potentialAction":[{"@type":"ReadAction","target":["https:\/\/tenkabest.com\/fr\/products\/"]}]},{"@type":"BreadcrumbList","@id":"https:\/\/tenkabest.com\/fr\/products\/#breadcrumb","itemListElement":[{"@type":"ListItem","position":1,"name":"Portada","item":"https:\/\/tenkabest.com\/fr\/"},{"@type":"ListItem","position":2,"name":"Produits"}]},{"@type":"WebSite","@id":"https:\/\/tenkabest.com\/fr\/#website","url":"https:\/\/tenkabest.com\/fr\/","name":"TENKA BEST","description":"Fabricamos ambientaci\u00f3n de calidad e insecticidas: mikados, velas, antipolillas, citronela y absorbe olores","publisher":{"@id":"https:\/\/tenkabest.com\/fr\/#organization"},"alternateName":"TenkaBest","potentialAction":[{"@type":"SearchAction","target":{"@type":"EntryPoint","urlTemplate":"https:\/\/tenkabest.com\/fr\/?s={search_term_string}"},"query-input":{"@type":"PropertyValueSpecification","valueRequired":true,"valueName":"search_term_string"}}],"inLanguage":"fr-FR"},{"@type":"Organization","@id":"https:\/\/tenkabest.com\/fr\/#organization","name":"TENKA BEST","alternateName":"TenkaBest","url":"https:\/\/tenkabest.com\/fr\/","logo":{"@type":"ImageObject","inLanguage":"fr-FR","@id":"https:\/\/tenkabest.com\/fr\/#\/schema\/logo\/image\/","url":"https:\/\/tenkabest.com\/wp-content\/uploads\/2024\/03\/logo_tenkabest_web5cm-e1711368714464.jpg","contentUrl":"https:\/\/tenkabest.com\/wp-content\/uploads\/2024\/03\/logo_tenkabest_web5cm-e1711368714464.jpg","width":250,"height":69,"caption":"TENKA BEST"},"image":{"@id":"https:\/\/tenkabest.com\/fr\/#\/schema\/logo\/image\/"},"sameAs":["https:\/\/www.linkedin.com\/company\/tenka-best-s-l-","https:\/\/www.youtube.com\/@tenkabest-canal"]}]}},"_links":{"self":[{"href":"https:\/\/tenkabest.com\/fr\/wp-json\/wp\/v2\/pages\/860","targetHints":{"allow":["GET"]}}],"collection":[{"href":"https:\/\/tenkabest.com\/fr\/wp-json\/wp\/v2\/pages"}],"about":[{"href":"https:\/\/tenkabest.com\/fr\/wp-json\/wp\/v2\/types\/page"}],"author":[{"embeddable":true,"href":"https:\/\/tenkabest.com\/fr\/wp-json\/wp\/v2\/users\/3"}],"replies":[{"embeddable":true,"href":"https:\/\/tenkabest.com\/fr\/wp-json\/wp\/v2\/comments?post=860"}],"version-history":[{"count":9,"href":"https:\/\/tenkabest.com\/fr\/wp-json\/wp\/v2\/pages\/860\/revisions"}],"predecessor-version":[{"id":10026,"href":"https:\/\/tenkabest.com\/fr\/wp-json\/wp\/v2\/pages\/860\/revisions\/10026"}],"wp:attachment":[{"href":"https:\/\/tenkabest.com\/fr\/wp-json\/wp\/v2\/media?parent=860"}],"curies":[{"name":"wp","href":"https:\/\/api.w.org\/{rel}","templated":true}]}}