{"id":1825,"date":"2019-05-28T09:21:17","date_gmt":"2019-05-28T09:21:17","guid":{"rendered":"http:\/\/tenkabest.com\/aviso-legal\/"},"modified":"2026-02-06T09:08:26","modified_gmt":"2026-02-06T09:08:26","slug":"aviso-legal","status":"publish","type":"page","link":"https:\/\/tenkabest.com\/fr\/aviso-legal\/","title":{"rendered":"Avis juridique"},"content":{"rendered":"<h2><b>1-INFORMATIONS SUR L&#8217;ENTREPRISE<\/b><\/h2>\n<p>Conform\u00e9ment \u00e0 la loi 34\/2002, du 11 juillet, sur les services de la soci\u00e9t\u00e9 de l&#8217;information et le commerce \u00e9lectronique,  <strong>TENKA BEST SLU<\/strong> vous informe qu&#8217;il est le propri\u00e9taire des sites web :  <strong>tenkabest.com, <\/strong> conform\u00e9ment aux dispositions de l&#8217;article 10 de la loi pr\u00e9cit\u00e9e,  <strong>TENKA BEST SLU, <\/strong>notifie les donn\u00e9es suivantes : le propri\u00e9taire de ce site web est <strong>TENKA BEST SLU<\/strong> avec NIF\/CIF : <strong>B63188825. <\/strong>Registre du commerce de <strong>BARCELONE, <\/strong>volume : <strong>35555<\/strong>. Folio : <strong>24<\/strong>. Sheet : <strong>B 271984<\/strong>, et si\u00e8ge social :  <strong>CTRA. RIBES 143-149,<\/strong>  Code postal : <strong>08591<\/strong>. Localit\u00e9 : <strong>AIGUAFREDA<\/strong>. Province : <strong>BARCELONE<\/strong>. L&#8217;adresse \u00e9lectronique pour contacter l&#8217;entreprise est la suivante : <a href=\"mailto:enrique.moreno@tenkabest.com\" target=\"_blank\" rel=\"noopener\">enrique.moreno@tenkabest.com<\/a><\/p>\n<p><strong> <\/strong><\/p>\n<h2><strong>2-UTILISATEUR ET R\u00c9GIME DE RESPONSABILIT\u00c9<\/strong><\/h2>\n<p>La navigation par l&#8217;acc\u00e8s ou l&#8217;utilisation du site web et de tous les sous-domaines et r\u00e9pertoires inclus dans celui-ci, ainsi que les services ou contenus qui peuvent \u00eatre obtenus \u00e0 travers celui-ci et tous les portails de son propre domaine sous la propri\u00e9t\u00e9 de <strong>TENKA BEST SLU<\/strong>, accorde la condition d&#8217;<strong>Utilisateur<\/strong>, par laquelle, lors de la navigation sur le site web de <strong>TENKA BEST SLU<\/strong>, toutes les conditions d&#8217;utilisation \u00e9tablies ici sont accept\u00e9es sans pr\u00e9judice de l&#8217;application de la r\u00e9glementation correspondante de conformit\u00e9 l\u00e9gale obligatoire, le cas \u00e9ch\u00e9ant.<\/p>\n<p>Par cons\u00e9quent, si vous n&#8217;\u00eates pas d&#8217;accord avec les consid\u00e9rations d\u00e9taill\u00e9es dans le pr\u00e9sent avis juridique, veuillez ne pas utiliser le portail, car toute utilisation que vous faites de celui-ci ou des services et contenus qu&#8217;il contient implique votre acceptation des conditions juridiques \u00e9nonc\u00e9es dans ce texte.<\/p>\n<p>Le site web de <strong>TENKA BEST SLU<\/strong> fournit un large \u00e9ventail d&#8217;informations, de services et de donn\u00e9es. L&#8217;utilisateur est responsable de l&#8217;utilisation correcte des sites web. Cette responsabilit\u00e9 s&#8217;\u00e9tend \u00e0 La v\u00e9racit\u00e9 et la l\u00e9galit\u00e9 des informations fournies par l&#8217;utilisateur dans les formulaires \u00e9mis par <strong>TENKA BEST SLU<\/strong> pour acc\u00e9der \u00e0 certains contenus ou services offerts par le site Web.<\/p>\n<p>L&#8217;utilisation des informations, services et donn\u00e9es offerts par <strong>TENKA BEST SLU<\/strong> n&#8217;ira pas \u00e0 l&#8217;encontre des dispositions des pr\u00e9sentes conditions, de la loi, de la morale, des bonnes coutumes ou de l&#8217;ordre public ou qui, dans tout autre cas, pourrait porter atteinte aux droits de tiers ou au fonctionnement des sites Web. \u00c0 cet effet, l&#8217;utilisateur s&#8217;abstiendra d&#8217;utiliser les contenus \u00e0 des fins illicites ou \u00e0 des fins interdites par le pr\u00e9sent texte, pr\u00e9judiciables aux droits et aux int\u00e9r\u00eats des tiers, ou susceptibles d&#8217;endommager, de rendre inutilisable, de surcharger, de d\u00e9t\u00e9riorer ou d&#8217;emp\u00eacher l&#8217;utilisation normale des contenus, des autres utilisateurs ou de tout utilisateur d&#8217;Internet (mat\u00e9riel et logiciel).<\/p>\n<p>Les utilisateurs sont responsables des dommages de toute nature que l&#8217;entreprise propri\u00e9taire du site web pourrait subir, directement ou indirectement, en raison du non-respect de l&#8217;une des obligations d\u00e9coulant de l&#8217;utilisation du site web et de la pr\u00e9sente politique de protection de la vie priv\u00e9e.<\/p>\n<p>En particulier, \u00e0 titre d&#8217;exemple et sans limitation, l&#8217;utilisateur s&#8217;engage \u00e0 ne pas transmettre, diffuser ou mettre \u00e0 la disposition de tiers des informations, donn\u00e9es, contenus, messages, graphiques, dessins, fichiers sons et\/ou images, photographies provenant du site web.<\/p>\n<p>&nbsp;<\/p>\n<h2><strong>3- <span lang=\"ES\">AVIS JURIDIQUE SUR LES COMMUNICATIONS \u00c9LECTRONIQUES<\/span><\/strong><u><\/u><u><\/u><\/h2>\n<p><span lang=\"ES\"><span class=\"im\">Vos donn\u00e9es seront trait\u00e9es par l&#8217;entreprise TENKA BEST, S.L. avec laquelle vous avez pris contact ou avec laquelle vous entretenez une relation (ci-apr\u00e8s TENKA BEST). La soci\u00e9t\u00e9 responsable du traitement traitera les donn\u00e9es afin de maintenir ou d&#8217;\u00e9tablir une relation commerciale, de g\u00e9rer la relation existante entre les parties, d&#8217;ex\u00e9cuter la prestation de services, de respecter les obligations l\u00e9gales d\u00e9coulant de cette prestation et d&#8217;envoyer des informations sur les nouvelles, les \u00e9v\u00e9nements et les activit\u00e9s li\u00e9es \u00e0 l&#8217;activit\u00e9 de TENKA BEST.<\/span><\/span><\/p>\n<p>Les bases juridiques du traitement des donn\u00e9es \u00e0 caract\u00e8re personnel sont les suivantes (i) l&#8217;ex\u00e9cution du contrat de vente et\/ou de services ; (ii) se conformer \u00e0 nos obligations l\u00e9gales, y compris celles relatives \u00e0 la pr\u00e9vention du blanchiment d&#8217;argent et du financement du terrorisme ; (iii) le consentement donn\u00e9, et (iv) l&#8217;int\u00e9r\u00eat l\u00e9gitime de TENKA BEST. Les donn\u00e9es seront conserv\u00e9es pendant la dur\u00e9e de la relation et pendant la p\u00e9riode n\u00e9cessaire pour r\u00e9pondre aux responsabilit\u00e9s l\u00e9gales correspondantes. TENKA BEST peut partager les donn\u00e9es avec les autorit\u00e9s comp\u00e9tentes ou les organes juridictionnels qui l&#8217;exigent par obligation l\u00e9gale et dans la mesure n\u00e9cessaire pour atteindre les objectifs indiqu\u00e9s.<\/p>\n<p>Pour obtenir de plus amples informations \u00e0 ce sujet, ou pour exercer vos droits d&#8217;acc\u00e8s, de rectification, d&#8217;effacement, de limitation du traitement, d&#8217;opposition et de portabilit\u00e9, vous pouvez nous contacter en envoyant un courrier \u00e9lectronique au compte <a href=\"mailto:enrique.moreno@tenkabest.com\" target=\"_blank\" rel=\"noopener\">enrique.moreno@tenkabest.com<\/a>, ou par lettre \u00e0 l&#8217;adresse suivante : Ctra. De Ribes 143-149, 08591 Aiguafreda (Barcelone). Nous vous rappelons que dans la mesure o\u00f9 le traitement des donn\u00e9es est effectu\u00e9 sur la base du consentement, celui-ci peut \u00eatre retir\u00e9 \u00e0 tout moment.<\/p>\n<p>Vous pouvez contacter l&#8217;Agence espagnole de protection des donn\u00e9es<a href=\"https:\/\/www.aepd.es\/es\" target=\"_blank\" rel=\"noopener\" data-saferedirecturl=\"https:\/\/www.google.com\/url?q=https:\/\/www.aepd.es\/es&amp;source=gmail&amp;ust=1720520922348000&amp;usg=AOvVaw1Jq9dWgIwOx_kzjZ4EW16S\">(www.aepd.es\/<\/a>) \u00e0 tout moment.<\/p>\n","protected":false},"excerpt":{"rendered":"<p>1-INFORMATIONS SUR L&#8217;ENTREPRISE Conform\u00e9ment \u00e0 la loi 34\/2002, du 11&hellip; <a class=\"continue\" href=\"https:\/\/tenkabest.com\/fr\/aviso-legal\/\">Seguir Leyendo<span> Avis juridique<\/span><\/a><\/p>\n","protected":false},"author":3,"featured_media":0,"parent":0,"menu_order":0,"comment_status":"closed","ping_status":"closed","template":"","meta":{"footnotes":""},"class_list":["post-1825","page","type-page","status-publish","hentry"],"yoast_head":"<!-- This site is optimized with the Yoast SEO plugin v27.4 - https:\/\/yoast.com\/product\/yoast-seo-wordpress\/ -->\n<title>Avis juridique - TENKA BEST<\/title>\n<meta name=\"robots\" content=\"index, follow, max-snippet:-1, max-image-preview:large, max-video-preview:-1\" \/>\n<link rel=\"canonical\" href=\"https:\/\/tenkabest.com\/fr\/aviso-legal\/\" \/>\n<meta property=\"og:locale\" content=\"fr_FR\" \/>\n<meta property=\"og:type\" content=\"article\" \/>\n<meta property=\"og:title\" content=\"Avis juridique - TENKA BEST\" \/>\n<meta property=\"og:description\" content=\"1-INFORMATIONS SUR L&#8217;ENTREPRISE Conform\u00e9ment \u00e0 la loi 34\/2002, du 11&hellip; Seguir Leyendo Avis juridique\" \/>\n<meta property=\"og:url\" content=\"https:\/\/tenkabest.com\/fr\/aviso-legal\/\" \/>\n<meta property=\"og:site_name\" content=\"TENKA BEST\" \/>\n<meta property=\"article:modified_time\" content=\"2026-02-06T09:08:26+00:00\" \/>\n<meta property=\"og:image\" content=\"https:\/\/tenkabest.com\/wp-content\/uploads\/2021\/03\/slide3nou.jpg\" \/>\n\t<meta property=\"og:image:width\" content=\"2560\" \/>\n\t<meta property=\"og:image:height\" content=\"964\" \/>\n\t<meta property=\"og:image:type\" content=\"image\/jpeg\" \/>\n<meta name=\"twitter:card\" content=\"summary_large_image\" \/>\n<meta name=\"twitter:label1\" content=\"Dur\u00e9e de lecture estim\u00e9e\" \/>\n\t<meta name=\"twitter:data1\" content=\"4 minutes\" \/>\n<script type=\"application\/ld+json\" class=\"yoast-schema-graph\">{\"@context\":\"https:\\\/\\\/schema.org\",\"@graph\":[{\"@type\":\"WebPage\",\"@id\":\"https:\\\/\\\/tenkabest.com\\\/fr\\\/aviso-legal\\\/\",\"url\":\"https:\\\/\\\/tenkabest.com\\\/fr\\\/aviso-legal\\\/\",\"name\":\"Avis juridique - TENKA BEST\",\"isPartOf\":{\"@id\":\"https:\\\/\\\/tenkabest.com\\\/fr\\\/#website\"},\"datePublished\":\"2019-05-28T09:21:17+00:00\",\"dateModified\":\"2026-02-06T09:08:26+00:00\",\"breadcrumb\":{\"@id\":\"https:\\\/\\\/tenkabest.com\\\/fr\\\/aviso-legal\\\/#breadcrumb\"},\"inLanguage\":\"fr-FR\",\"potentialAction\":[{\"@type\":\"ReadAction\",\"target\":[\"https:\\\/\\\/tenkabest.com\\\/fr\\\/aviso-legal\\\/\"]}]},{\"@type\":\"BreadcrumbList\",\"@id\":\"https:\\\/\\\/tenkabest.com\\\/fr\\\/aviso-legal\\\/#breadcrumb\",\"itemListElement\":[{\"@type\":\"ListItem\",\"position\":1,\"name\":\"Portada\",\"item\":\"https:\\\/\\\/tenkabest.com\\\/fr\\\/\"},{\"@type\":\"ListItem\",\"position\":2,\"name\":\"Avis juridique\"}]},{\"@type\":\"WebSite\",\"@id\":\"https:\\\/\\\/tenkabest.com\\\/fr\\\/#website\",\"url\":\"https:\\\/\\\/tenkabest.com\\\/fr\\\/\",\"name\":\"TENKA BEST\",\"description\":\"Fabricamos ambientaci\u00f3n de calidad e insecticidas: mikados, velas, antipolillas, citronela y absorbe olores\",\"publisher\":{\"@id\":\"https:\\\/\\\/tenkabest.com\\\/fr\\\/#organization\"},\"alternateName\":\"TenkaBest\",\"potentialAction\":[{\"@type\":\"SearchAction\",\"target\":{\"@type\":\"EntryPoint\",\"urlTemplate\":\"https:\\\/\\\/tenkabest.com\\\/fr\\\/?s={search_term_string}\"},\"query-input\":{\"@type\":\"PropertyValueSpecification\",\"valueRequired\":true,\"valueName\":\"search_term_string\"}}],\"inLanguage\":\"fr-FR\"},{\"@type\":\"Organization\",\"@id\":\"https:\\\/\\\/tenkabest.com\\\/fr\\\/#organization\",\"name\":\"TENKA BEST\",\"alternateName\":\"TenkaBest\",\"url\":\"https:\\\/\\\/tenkabest.com\\\/fr\\\/\",\"logo\":{\"@type\":\"ImageObject\",\"inLanguage\":\"fr-FR\",\"@id\":\"https:\\\/\\\/tenkabest.com\\\/fr\\\/#\\\/schema\\\/logo\\\/image\\\/\",\"url\":\"https:\\\/\\\/tenkabest.com\\\/wp-content\\\/uploads\\\/2024\\\/03\\\/logo_tenkabest_web5cm-e1711368714464.jpg\",\"contentUrl\":\"https:\\\/\\\/tenkabest.com\\\/wp-content\\\/uploads\\\/2024\\\/03\\\/logo_tenkabest_web5cm-e1711368714464.jpg\",\"width\":250,\"height\":69,\"caption\":\"TENKA BEST\"},\"image\":{\"@id\":\"https:\\\/\\\/tenkabest.com\\\/fr\\\/#\\\/schema\\\/logo\\\/image\\\/\"},\"sameAs\":[\"https:\\\/\\\/www.linkedin.com\\\/company\\\/tenka-best-s-l-\",\"https:\\\/\\\/www.youtube.com\\\/@tenkabest-canal\"]}]}<\/script>\n<!-- \/ Yoast SEO plugin. -->","yoast_head_json":{"title":"Avis juridique - TENKA BEST","robots":{"index":"index","follow":"follow","max-snippet":"max-snippet:-1","max-image-preview":"max-image-preview:large","max-video-preview":"max-video-preview:-1"},"canonical":"https:\/\/tenkabest.com\/fr\/aviso-legal\/","og_locale":"fr_FR","og_type":"article","og_title":"Avis juridique - TENKA BEST","og_description":"1-INFORMATIONS SUR L&#8217;ENTREPRISE Conform\u00e9ment \u00e0 la loi 34\/2002, du 11&hellip; Seguir Leyendo Avis juridique","og_url":"https:\/\/tenkabest.com\/fr\/aviso-legal\/","og_site_name":"TENKA BEST","article_modified_time":"2026-02-06T09:08:26+00:00","og_image":[{"width":2560,"height":964,"url":"https:\/\/tenkabest.com\/wp-content\/uploads\/2021\/03\/slide3nou.jpg","type":"image\/jpeg"}],"twitter_card":"summary_large_image","twitter_misc":{"Dur\u00e9e de lecture estim\u00e9e":"4 minutes"},"schema":{"@context":"https:\/\/schema.org","@graph":[{"@type":"WebPage","@id":"https:\/\/tenkabest.com\/fr\/aviso-legal\/","url":"https:\/\/tenkabest.com\/fr\/aviso-legal\/","name":"Avis juridique - TENKA BEST","isPartOf":{"@id":"https:\/\/tenkabest.com\/fr\/#website"},"datePublished":"2019-05-28T09:21:17+00:00","dateModified":"2026-02-06T09:08:26+00:00","breadcrumb":{"@id":"https:\/\/tenkabest.com\/fr\/aviso-legal\/#breadcrumb"},"inLanguage":"fr-FR","potentialAction":[{"@type":"ReadAction","target":["https:\/\/tenkabest.com\/fr\/aviso-legal\/"]}]},{"@type":"BreadcrumbList","@id":"https:\/\/tenkabest.com\/fr\/aviso-legal\/#breadcrumb","itemListElement":[{"@type":"ListItem","position":1,"name":"Portada","item":"https:\/\/tenkabest.com\/fr\/"},{"@type":"ListItem","position":2,"name":"Avis juridique"}]},{"@type":"WebSite","@id":"https:\/\/tenkabest.com\/fr\/#website","url":"https:\/\/tenkabest.com\/fr\/","name":"TENKA BEST","description":"Fabricamos ambientaci\u00f3n de calidad e insecticidas: mikados, velas, antipolillas, citronela y absorbe olores","publisher":{"@id":"https:\/\/tenkabest.com\/fr\/#organization"},"alternateName":"TenkaBest","potentialAction":[{"@type":"SearchAction","target":{"@type":"EntryPoint","urlTemplate":"https:\/\/tenkabest.com\/fr\/?s={search_term_string}"},"query-input":{"@type":"PropertyValueSpecification","valueRequired":true,"valueName":"search_term_string"}}],"inLanguage":"fr-FR"},{"@type":"Organization","@id":"https:\/\/tenkabest.com\/fr\/#organization","name":"TENKA BEST","alternateName":"TenkaBest","url":"https:\/\/tenkabest.com\/fr\/","logo":{"@type":"ImageObject","inLanguage":"fr-FR","@id":"https:\/\/tenkabest.com\/fr\/#\/schema\/logo\/image\/","url":"https:\/\/tenkabest.com\/wp-content\/uploads\/2024\/03\/logo_tenkabest_web5cm-e1711368714464.jpg","contentUrl":"https:\/\/tenkabest.com\/wp-content\/uploads\/2024\/03\/logo_tenkabest_web5cm-e1711368714464.jpg","width":250,"height":69,"caption":"TENKA BEST"},"image":{"@id":"https:\/\/tenkabest.com\/fr\/#\/schema\/logo\/image\/"},"sameAs":["https:\/\/www.linkedin.com\/company\/tenka-best-s-l-","https:\/\/www.youtube.com\/@tenkabest-canal"]}]}},"_links":{"self":[{"href":"https:\/\/tenkabest.com\/fr\/wp-json\/wp\/v2\/pages\/1825","targetHints":{"allow":["GET"]}}],"collection":[{"href":"https:\/\/tenkabest.com\/fr\/wp-json\/wp\/v2\/pages"}],"about":[{"href":"https:\/\/tenkabest.com\/fr\/wp-json\/wp\/v2\/types\/page"}],"author":[{"embeddable":true,"href":"https:\/\/tenkabest.com\/fr\/wp-json\/wp\/v2\/users\/3"}],"replies":[{"embeddable":true,"href":"https:\/\/tenkabest.com\/fr\/wp-json\/wp\/v2\/comments?post=1825"}],"version-history":[{"count":9,"href":"https:\/\/tenkabest.com\/fr\/wp-json\/wp\/v2\/pages\/1825\/revisions"}],"predecessor-version":[{"id":17105,"href":"https:\/\/tenkabest.com\/fr\/wp-json\/wp\/v2\/pages\/1825\/revisions\/17105"}],"wp:attachment":[{"href":"https:\/\/tenkabest.com\/fr\/wp-json\/wp\/v2\/media?parent=1825"}],"curies":[{"name":"wp","href":"https:\/\/api.w.org\/{rel}","templated":true}]}}