{"id":1554,"date":"2018-10-17T09:40:15","date_gmt":"2018-10-17T09:40:15","guid":{"rendered":"http:\/\/tenkabest.com\/?page_id=1554"},"modified":"2025-11-05T13:04:04","modified_gmt":"2025-11-05T13:04:04","slug":"politique-de-confidentialite","status":"publish","type":"page","link":"https:\/\/tenkabest.com\/fr\/politique-de-confidentialite\/","title":{"rendered":"Politique de confidentialit\u00e9"},"content":{"rendered":"<h2>Politique de confidentialit\u00e9<\/h2>\n<h2>1-LIENS POLITIQUES ET CLAUSES DE NON-RESPONSABILIT\u00c9<\/h2>\n<p><strong>TENKA BEST SLU<\/strong> n&#8217;est pas responsable du contenu des sites web auxquels les utilisateurs peuvent acc\u00e9der par le biais des liens \u00e9tablis dans leurs sites web et d\u00e9clare qu&#8217;en aucun cas elle n&#8217;examinera ou n&#8217;exercera un quelconque contr\u00f4le sur le contenu d&#8217;autres pages du site web.<br \/>\nEn outre, il ne garantit pas la disponibilit\u00e9 technique, l&#8217;exactitude, la fiabilit\u00e9, la validit\u00e9 ou la l\u00e9galit\u00e9 des pages ext\u00e9rieures \u00e0 votre propri\u00e9t\u00e9 auxquelles il est possible d&#8217;acc\u00e9der par les liens.<br \/>\n<strong>TENKA BEST SLU<\/strong> d\u00e9clare avoir pris toutes les mesures n\u00e9cessaires pour \u00e9viter tout dommage pouvant r\u00e9sulter de la navigation sur ses pages web. Par cons\u00e9quent, <strong>TENKA BEST SLU<\/strong> ne sera en aucun cas responsable des dommages que l&#8217;utilisateur pourrait subir du fait de la navigation sur Internet.<br \/>\n<strong>TENKA BEST SLU<\/strong><strong>,<\/strong> n&#8217;est pas responsable des dommages de toute nature caus\u00e9s \u00e0 l&#8217;utilisateur en raison d&#8217;erreurs de roulement ou de d\u00e9connexions dans les r\u00e9seaux de t\u00e9l\u00e9communications qui produisent la suspension, l&#8217;annulation ou l&#8217;interruption du service du site tout en fournissant le m\u00eame ou avant.<br \/>\nL&#8217;acc\u00e8s au site :<strong> tenkabest.com, <\/strong>n&#8217;implique aucune obligation pour la soci\u00e9t\u00e9 de garantir l&#8217;absence de virus ou d&#8217;autres \u00e9l\u00e9ments nuisibles. Il appartient \u00e0 l&#8217;utilisateur, en tout \u00e9tat de cause, de disposer d&#8217;outils ad\u00e9quats pour la d\u00e9tection et la d\u00e9sinfection des programmes informatiques nuisibles.<br \/>\n<strong>TENKA BEST SLU<\/strong><strong>,<\/strong> n&#8217;est pas responsable des dommages caus\u00e9s au mat\u00e9riel informatique, aux documents et\/ou aux fichiers de tiers pendant le service du portail.<\/p>\n<h2>2-ADVERTISING<\/h2>\n<p>Web <strong>tenkabest.com<\/strong> pourra accueillir de la publicit\u00e9 ou du contenu sponsoris\u00e9. Les annonceurs et les sponsors seront les seuls responsables de s&#8217;assurer que le mat\u00e9riel soumis pour inclusion sur le site Web est conforme aux lois en vigueur dans chaque cas.<br \/>\n<strong>TENKA BEST SLU<\/strong> n&#8217;est pas responsable des erreurs, impr\u00e9cisions ou irr\u00e9gularit\u00e9s que peuvent contenir les contenus publicitaires ou les sponsors.<\/p>\n<h2>3-CAHNGES<\/h2>\n<p><strong>TENKA BEST SLU<\/strong><strong>,<\/strong> se r\u00e9serve le droit d&#8217;apporter toutes les modifications qu&#8217;elle juge opportunes, sans pr\u00e9avis, au contenu de ses sites web, en termes de contenu des sites web, \u00e0 ses conditions g\u00e9n\u00e9rales ou \u00e0 ses conditions g\u00e9n\u00e9rales de contrat. Ces modifications peuvent \u00eatre apport\u00e9es par le biais de leurs sites web de toute mani\u00e8re autoris\u00e9e par la loi et doivent \u00eatre respect\u00e9es pendant la p\u00e9riode o\u00f9 elles sont publi\u00e9es sur le web et jusqu&#8217;\u00e0 ce qu&#8217;elles soient modifi\u00e9es par d&#8217;autres ult\u00e9rieurement.<\/p>\n<h2>4-LIVRES DE BISCUITS<\/h2>\n<p>TENKA BEST SLU se r\u00e9serve le droit d&#8217;utiliser des cookies dans la navigation de l&#8217;utilisateur sur ses sites web pour faciliter la personnalisation et la navigation. Conform\u00e9ment \u00e0 la politique de protection des donn\u00e9es de l&#8217;entreprise, TENKA BEST SLU, informe que les cookies sont associ\u00e9s \u00e0 des utilisateurs anonymes et \u00e0 leurs ordinateurs et qu&#8217;ils ne fournissent ni nom ni pr\u00e9nom.<br \/>\nL&#8217;utilisateur peut configurer son navigateur pour \u00eatre inform\u00e9 de la r\u00e9ception de cookies, avec la possibilit\u00e9, si vous le souhaitez, d&#8217;emp\u00eacher leur installation sur votre disque dur. Toutefois, pour acc\u00e9der aux sites web de TENKA BEST SLU, il n&#8217;est pas obligatoire d&#8217;installer des cookies.<br \/>\nL&#8217;utilisateur s&#8217;engage \u00e0 ne pas reproduire, copier, distribuer, mettre \u00e0 disposition ou communiquer publiquement, transformer ou modifier le contenu, sauf si vous avez l&#8217;autorisation du d\u00e9tenteur des droits d&#8217;auteur ou si cela est l\u00e9galement autoris\u00e9.<\/p>\n<h2>5-PROTECTION DES DONN\u00c9ES PERSONNELLES<\/h2>\n<p>Conform\u00e9ment aux dispositions du d\u00e9cret-loi royal 5\/2018 et du r\u00e8glement g\u00e9n\u00e9ral-UE-2016\/679 du Parlement et du Conseil de l&#8217;Europe pour la protection des donn\u00e9es personnelles, approuv\u00e9 le 27 avril 2016, OLPPD-3\/2018, Digital Rights, <strong>TENKA BEST SLU<\/strong><strong>,<\/strong> informe les utilisateurs de ses sites web que nous sommes tenus de garder le secret professionnel sur les donn\u00e9es personnelles collect\u00e9es par l&#8217;entreprise \u00e0 travers les formulaires situ\u00e9s sur ses pages, que cette obligation perdurera m\u00eame apr\u00e8s la fin de notre relation commerciale ou contractuelle, et qu&#8217;en aucun cas nous ne pourrons rendre publiques les donn\u00e9es personnelles des visiteurs et des clients du site web sans leur consentement. Les enfants de moins de 14 ans doivent donner leur accord pour qu&#8217;un magasin collecte et traite leurs donn\u00e9es personnelles ; seuls vos repr\u00e9sentants l\u00e9gaux (parents ou tuteurs) peuvent le faire en votre nom. Les entreprises qui doivent traiter les donn\u00e9es d&#8217;enfants de moins de 14 ans doivent avoir les moyens d&#8217;obtenir le consentement de leurs parents ou tuteurs, par exemple au moyen d&#8217;un message \u00e9lectronique adress\u00e9 \u00e0 l&#8217;un d&#8217;entre eux et contenant un lien vers un formulaire \u00e9lectronique. Les enfants de moins de 14 ans ne doivent pas \u00eatre invit\u00e9s \u00e0 fournir des informations sur leur environnement familial, \u00e0 l&#8217;exception de l&#8217;identification et des coordonn\u00e9es des parents ou des tuteurs.<br \/>\nCes donn\u00e9es seront introduites dans un fichier automatis\u00e9 sous la responsabilit\u00e9 de l&#8217;administrateur du site web de <strong>TENKA BEST SLU<\/strong><strong>,<\/strong> dans le but de pouvoir faciliter, acc\u00e9l\u00e9rer et remplir les engagements \u00e9tablis entre les deux parties. De m\u00eame, <strong>TENKA BEST SLU<\/strong><strong>,<\/strong> informe de la possibilit\u00e9 d&#8217;exercer les droits d&#8217;acc\u00e8s, ce qui permet \u00e0 l&#8217;internaute de savoir quelles donn\u00e9es personnelles l&#8217;administrateur de cette page poss\u00e8de et dans ce cas il r\u00e9pondra dans les 30 jours, \u00e0 condition qu&#8217;il conserve les donn\u00e9es, la rectification, qui permet de corriger les erreurs, de modifier les donn\u00e9es qui sont inexactes ou incompl\u00e8tes et d&#8217;assurer l&#8217;exactitude de l&#8217;information, l&#8217;opposition qui peut demander et assurer qu&#8217;il n&#8217;effectue pas de traitement de donn\u00e9es, l&#8217;effacement qui permet de supprimer les donn\u00e9es inappropri\u00e9es ou excessives, la limitation, par le fait que vous pouvez demander que le traitement de vos donn\u00e9es soit limit\u00e9 lorsque vous avez exerc\u00e9 votre droit de rectification de vos donn\u00e9es personnelles, et la portabilit\u00e9, pour que l&#8217;utilisateur puisse obtenir une copie des donn\u00e9es personnelles que vous avez fournies sur le web afin de pouvoir les transmettre \u00e0 d&#8217;autres services, ces droits peuvent \u00eatre exerc\u00e9s par tout moyen qui laisse une trace de votre envoi et de sa r\u00e9ception \u00e0 l&#8217;adresse : <strong>CTRA. BRIDES 143-149<\/strong>Code postal <strong>:<\/strong> <strong>08591<\/strong><strong>.<\/strong> Lieu : AIGUAFREDA : <strong>AIGUAFREDA<\/strong>. Province : <strong>BARCELONE<\/strong>. Courriel :<strong> <a href=\"mailto:enrique.moreno@tenkabest.com\" target=\"_blank\" rel=\"noopener\">enrique.moreno@tenkabest.com<\/a> , <\/strong> Tant que vous ne nous informez pas du contraire, nous consid\u00e9rons que vos donn\u00e9es n&#8217;ont pas \u00e9t\u00e9 modifi\u00e9es, que vous acceptez de nous informer de toute modification et que nous avons le consentement de les utiliser afin de fid\u00e9liser les parties. L&#8217;envoi de vos donn\u00e9es par le biais des formulaires de notre site Web sera n\u00e9cessairement subordonn\u00e9 \u00e0 la lecture\/acceptation de la politique de confidentialit\u00e9, par le biais d&#8217;une case \u00e0 cocher obligatoire au bas du formulaire.Conform\u00e9ment aux dispositions de la loi 34\/2002 sur les services de la soci\u00e9t\u00e9 de l&#8217;information et du commerce \u00e9lectronique, dans son article 21, nous vous demandons votre consentement pour pouvoir effectuer des communications publicitaires que nous pensons pouvoir vous int\u00e9resser, par courrier \u00e9lectronique ou par tout autre moyen de communication \u00e9lectronique \u00e9quivalent, ce consentement sera accept\u00e9 ou refus\u00e9 au moyen d&#8217;une case \u00e0 cocher obligatoire au bas du formulaire.<\/p>\n<h2>6-PROPRI\u00c9T\u00c9 INTELLECTUELLE<\/h2>\n<p>Les droits de propri\u00e9t\u00e9 intellectuelle d\u00e9coulant de tous les textes, images, ainsi que des modes et moyens de pr\u00e9sentation et d&#8217;assemblage de ses pages appartiennent, par eux-m\u00eames ou en tant que cessionnaires, \u00e0 <strong>TENKA BEST SLU<\/strong><strong>,<\/strong> Il s&#8217;agit donc d&#8217;\u0153uvres prot\u00e9g\u00e9es par la loi sur le droit d&#8217;auteur et les Espagnols ont pu appliquer les r\u00e9glementations espagnoles et europ\u00e9ennes dans ce domaine, telles que les trait\u00e9s internationaux en la mati\u00e8re sign\u00e9s par l&#8217;Espagne, le d\u00e9cret-loi royal 1\/1996.<br \/>\nTous droits r\u00e9serv\u00e9s. Conform\u00e9ment \u00e0 la loi sur la propri\u00e9t\u00e9 intellectuelle, nous interdisons la reproduction, la distribution, la communication publique et l&#8217;utilisation de tout ou partie du contenu de leurs sites Web sans l&#8217;accord explicite de <strong>TENKA BEST SLU<\/strong><strong>.<\/strong><br \/>\nEn outre, <strong>TENKA BEST SLU<\/strong> se r\u00e9serve le droit d&#8217;intenter les actions civiles ou p\u00e9nales qu&#8217;elle juge appropri\u00e9es en cas d&#8217;utilisation abusive de ses pages Web et de leur contenu ou de violation des pr\u00e9sentes conditions.<\/p>\n<h2>7-TAMPONS DE CONFIANCE<\/h2>\n<p>Les labels de confiance sont des sceaux distinctifs fournis aux magasins en ligne pour d\u00e9montrer leur qualit\u00e9 et leur s\u00e9curit\u00e9 dans les ventes en ligne.<br \/>\nPour obtenir le label, ces derniers font l&#8217;objet d&#8217;un audit ou d&#8217;une \u00e9valuation afin de v\u00e9rifier qu&#8217;ils respectent les crit\u00e8res de s\u00e9curit\u00e9 lors de l&#8217;achat et la conformit\u00e9 l\u00e9gale en termes de protection de la vie priv\u00e9e et des donn\u00e9es des consommateurs.<br \/>\nLes magasins qui b\u00e9n\u00e9ficient d&#8217;un label de confiance adh\u00e8rent \u00e0 un code de conduite et proposent souvent aux consommateurs des proc\u00e9dures alternatives de r\u00e9solution des litiges simples, rapides et pratiques.<\/p>\n<h2>8-CERTIFICATS DE CONFORMIT\u00c9 LSSI-CE ET PROTECTION DES DONN\u00c9ES<\/h2>\n<p><strong>TENKA BEST SLU<\/strong> respecte la r\u00e9glementation en vigueur en mati\u00e8re de protection des donn\u00e9es et la LSSI-CE, et a \u00e9t\u00e9 conseill\u00e9e par le <strong>GRUPO QUALIA<\/strong> sur cette r\u00e9glementation, ce qui lui permet d&#8217;obtenir deux certificats sous forme d&#8217;image num\u00e9rique afin de pouvoir les exposer sur votre site web.<\/p>\n<h2>9- ACTIONS EN JUSTICE, L\u00c9GISLATION APPLICABLE ET JURIDICTION<\/h2>\n<p>La relation entre l&#8217;utilisateur et <strong>TENKA B<\/strong>EST SLU sera r\u00e9gie par la l\u00e9gislation espagnole et les tribunaux de la ville de <strong>MATAR\u00d3<\/strong> seront comp\u00e9tents pour trancher tout litige pouvant survenir entre l&#8217;utilisateur et <strong>TENKA BEST SLU<\/strong><strong>.<\/strong><\/p>\n","protected":false},"excerpt":{"rendered":"<p>Politique de confidentialit\u00e9 1-LIENS POLITIQUES ET CLAUSES DE NON-RESPONSABILIT\u00c9 TENKA&hellip; <a class=\"continue\" href=\"https:\/\/tenkabest.com\/fr\/politique-de-confidentialite\/\">Seguir Leyendo<span> Politique de confidentialit\u00e9<\/span><\/a><\/p>\n","protected":false},"author":3,"featured_media":0,"parent":0,"menu_order":0,"comment_status":"closed","ping_status":"closed","template":"","meta":{"footnotes":""},"class_list":["post-1554","page","type-page","status-publish","hentry"],"yoast_head":"<!-- This site is optimized with the Yoast SEO plugin v27.4 - https:\/\/yoast.com\/product\/yoast-seo-wordpress\/ -->\n<title>Politique de confidentialit\u00e9 - TENKA BEST<\/title>\n<meta name=\"robots\" content=\"index, follow, max-snippet:-1, max-image-preview:large, max-video-preview:-1\" \/>\n<link rel=\"canonical\" href=\"https:\/\/tenkabest.com\/fr\/politique-de-confidentialite\/\" \/>\n<meta property=\"og:locale\" content=\"fr_FR\" \/>\n<meta property=\"og:type\" content=\"article\" \/>\n<meta property=\"og:title\" content=\"Politique de confidentialit\u00e9 - TENKA BEST\" \/>\n<meta property=\"og:description\" content=\"Politique de confidentialit\u00e9 1-LIENS POLITIQUES ET CLAUSES DE NON-RESPONSABILIT\u00c9 TENKA&hellip; Seguir Leyendo Politique de confidentialit\u00e9\" \/>\n<meta property=\"og:url\" content=\"https:\/\/tenkabest.com\/fr\/politique-de-confidentialite\/\" \/>\n<meta property=\"og:site_name\" content=\"TENKA BEST\" \/>\n<meta property=\"article:modified_time\" content=\"2025-11-05T13:04:04+00:00\" \/>\n<meta property=\"og:image\" content=\"https:\/\/tenkabest.com\/wp-content\/uploads\/2021\/03\/slide3nou.jpg\" \/>\n\t<meta property=\"og:image:width\" content=\"2560\" \/>\n\t<meta property=\"og:image:height\" content=\"964\" \/>\n\t<meta property=\"og:image:type\" content=\"image\/jpeg\" \/>\n<meta name=\"twitter:card\" content=\"summary_large_image\" \/>\n<meta name=\"twitter:label1\" content=\"Dur\u00e9e de lecture estim\u00e9e\" \/>\n\t<meta name=\"twitter:data1\" content=\"7 minutes\" \/>\n<script type=\"application\/ld+json\" class=\"yoast-schema-graph\">{\"@context\":\"https:\\\/\\\/schema.org\",\"@graph\":[{\"@type\":\"WebPage\",\"@id\":\"https:\\\/\\\/tenkabest.com\\\/fr\\\/politique-de-confidentialite\\\/\",\"url\":\"https:\\\/\\\/tenkabest.com\\\/fr\\\/politique-de-confidentialite\\\/\",\"name\":\"Politique de confidentialit\u00e9 - TENKA BEST\",\"isPartOf\":{\"@id\":\"https:\\\/\\\/tenkabest.com\\\/fr\\\/#website\"},\"datePublished\":\"2018-10-17T09:40:15+00:00\",\"dateModified\":\"2025-11-05T13:04:04+00:00\",\"breadcrumb\":{\"@id\":\"https:\\\/\\\/tenkabest.com\\\/fr\\\/politique-de-confidentialite\\\/#breadcrumb\"},\"inLanguage\":\"fr-FR\",\"potentialAction\":[{\"@type\":\"ReadAction\",\"target\":[\"https:\\\/\\\/tenkabest.com\\\/fr\\\/politique-de-confidentialite\\\/\"]}]},{\"@type\":\"BreadcrumbList\",\"@id\":\"https:\\\/\\\/tenkabest.com\\\/fr\\\/politique-de-confidentialite\\\/#breadcrumb\",\"itemListElement\":[{\"@type\":\"ListItem\",\"position\":1,\"name\":\"Portada\",\"item\":\"https:\\\/\\\/tenkabest.com\\\/fr\\\/\"},{\"@type\":\"ListItem\",\"position\":2,\"name\":\"Politique de confidentialit\u00e9\"}]},{\"@type\":\"WebSite\",\"@id\":\"https:\\\/\\\/tenkabest.com\\\/fr\\\/#website\",\"url\":\"https:\\\/\\\/tenkabest.com\\\/fr\\\/\",\"name\":\"TENKA BEST\",\"description\":\"Fabricamos ambientaci\u00f3n de calidad e insecticidas: mikados, velas, antipolillas, citronela y absorbe olores\",\"publisher\":{\"@id\":\"https:\\\/\\\/tenkabest.com\\\/fr\\\/#organization\"},\"alternateName\":\"TenkaBest\",\"potentialAction\":[{\"@type\":\"SearchAction\",\"target\":{\"@type\":\"EntryPoint\",\"urlTemplate\":\"https:\\\/\\\/tenkabest.com\\\/fr\\\/?s={search_term_string}\"},\"query-input\":{\"@type\":\"PropertyValueSpecification\",\"valueRequired\":true,\"valueName\":\"search_term_string\"}}],\"inLanguage\":\"fr-FR\"},{\"@type\":\"Organization\",\"@id\":\"https:\\\/\\\/tenkabest.com\\\/fr\\\/#organization\",\"name\":\"TENKA BEST\",\"alternateName\":\"TenkaBest\",\"url\":\"https:\\\/\\\/tenkabest.com\\\/fr\\\/\",\"logo\":{\"@type\":\"ImageObject\",\"inLanguage\":\"fr-FR\",\"@id\":\"https:\\\/\\\/tenkabest.com\\\/fr\\\/#\\\/schema\\\/logo\\\/image\\\/\",\"url\":\"https:\\\/\\\/tenkabest.com\\\/wp-content\\\/uploads\\\/2024\\\/03\\\/logo_tenkabest_web5cm-e1711368714464.jpg\",\"contentUrl\":\"https:\\\/\\\/tenkabest.com\\\/wp-content\\\/uploads\\\/2024\\\/03\\\/logo_tenkabest_web5cm-e1711368714464.jpg\",\"width\":250,\"height\":69,\"caption\":\"TENKA BEST\"},\"image\":{\"@id\":\"https:\\\/\\\/tenkabest.com\\\/fr\\\/#\\\/schema\\\/logo\\\/image\\\/\"},\"sameAs\":[\"https:\\\/\\\/www.linkedin.com\\\/company\\\/tenka-best-s-l-\",\"https:\\\/\\\/www.youtube.com\\\/@tenkabest-canal\"]}]}<\/script>\n<!-- \/ Yoast SEO plugin. -->","yoast_head_json":{"title":"Politique de confidentialit\u00e9 - TENKA BEST","robots":{"index":"index","follow":"follow","max-snippet":"max-snippet:-1","max-image-preview":"max-image-preview:large","max-video-preview":"max-video-preview:-1"},"canonical":"https:\/\/tenkabest.com\/fr\/politique-de-confidentialite\/","og_locale":"fr_FR","og_type":"article","og_title":"Politique de confidentialit\u00e9 - TENKA BEST","og_description":"Politique de confidentialit\u00e9 1-LIENS POLITIQUES ET CLAUSES DE NON-RESPONSABILIT\u00c9 TENKA&hellip; Seguir Leyendo Politique de confidentialit\u00e9","og_url":"https:\/\/tenkabest.com\/fr\/politique-de-confidentialite\/","og_site_name":"TENKA BEST","article_modified_time":"2025-11-05T13:04:04+00:00","og_image":[{"width":2560,"height":964,"url":"https:\/\/tenkabest.com\/wp-content\/uploads\/2021\/03\/slide3nou.jpg","type":"image\/jpeg"}],"twitter_card":"summary_large_image","twitter_misc":{"Dur\u00e9e de lecture estim\u00e9e":"7 minutes"},"schema":{"@context":"https:\/\/schema.org","@graph":[{"@type":"WebPage","@id":"https:\/\/tenkabest.com\/fr\/politique-de-confidentialite\/","url":"https:\/\/tenkabest.com\/fr\/politique-de-confidentialite\/","name":"Politique de confidentialit\u00e9 - TENKA BEST","isPartOf":{"@id":"https:\/\/tenkabest.com\/fr\/#website"},"datePublished":"2018-10-17T09:40:15+00:00","dateModified":"2025-11-05T13:04:04+00:00","breadcrumb":{"@id":"https:\/\/tenkabest.com\/fr\/politique-de-confidentialite\/#breadcrumb"},"inLanguage":"fr-FR","potentialAction":[{"@type":"ReadAction","target":["https:\/\/tenkabest.com\/fr\/politique-de-confidentialite\/"]}]},{"@type":"BreadcrumbList","@id":"https:\/\/tenkabest.com\/fr\/politique-de-confidentialite\/#breadcrumb","itemListElement":[{"@type":"ListItem","position":1,"name":"Portada","item":"https:\/\/tenkabest.com\/fr\/"},{"@type":"ListItem","position":2,"name":"Politique de confidentialit\u00e9"}]},{"@type":"WebSite","@id":"https:\/\/tenkabest.com\/fr\/#website","url":"https:\/\/tenkabest.com\/fr\/","name":"TENKA BEST","description":"Fabricamos ambientaci\u00f3n de calidad e insecticidas: mikados, velas, antipolillas, citronela y absorbe olores","publisher":{"@id":"https:\/\/tenkabest.com\/fr\/#organization"},"alternateName":"TenkaBest","potentialAction":[{"@type":"SearchAction","target":{"@type":"EntryPoint","urlTemplate":"https:\/\/tenkabest.com\/fr\/?s={search_term_string}"},"query-input":{"@type":"PropertyValueSpecification","valueRequired":true,"valueName":"search_term_string"}}],"inLanguage":"fr-FR"},{"@type":"Organization","@id":"https:\/\/tenkabest.com\/fr\/#organization","name":"TENKA BEST","alternateName":"TenkaBest","url":"https:\/\/tenkabest.com\/fr\/","logo":{"@type":"ImageObject","inLanguage":"fr-FR","@id":"https:\/\/tenkabest.com\/fr\/#\/schema\/logo\/image\/","url":"https:\/\/tenkabest.com\/wp-content\/uploads\/2024\/03\/logo_tenkabest_web5cm-e1711368714464.jpg","contentUrl":"https:\/\/tenkabest.com\/wp-content\/uploads\/2024\/03\/logo_tenkabest_web5cm-e1711368714464.jpg","width":250,"height":69,"caption":"TENKA BEST"},"image":{"@id":"https:\/\/tenkabest.com\/fr\/#\/schema\/logo\/image\/"},"sameAs":["https:\/\/www.linkedin.com\/company\/tenka-best-s-l-","https:\/\/www.youtube.com\/@tenkabest-canal"]}]}},"_links":{"self":[{"href":"https:\/\/tenkabest.com\/fr\/wp-json\/wp\/v2\/pages\/1554","targetHints":{"allow":["GET"]}}],"collection":[{"href":"https:\/\/tenkabest.com\/fr\/wp-json\/wp\/v2\/pages"}],"about":[{"href":"https:\/\/tenkabest.com\/fr\/wp-json\/wp\/v2\/types\/page"}],"author":[{"embeddable":true,"href":"https:\/\/tenkabest.com\/fr\/wp-json\/wp\/v2\/users\/3"}],"replies":[{"embeddable":true,"href":"https:\/\/tenkabest.com\/fr\/wp-json\/wp\/v2\/comments?post=1554"}],"version-history":[{"count":7,"href":"https:\/\/tenkabest.com\/fr\/wp-json\/wp\/v2\/pages\/1554\/revisions"}],"predecessor-version":[{"id":15641,"href":"https:\/\/tenkabest.com\/fr\/wp-json\/wp\/v2\/pages\/1554\/revisions\/15641"}],"wp:attachment":[{"href":"https:\/\/tenkabest.com\/fr\/wp-json\/wp\/v2\/media?parent=1554"}],"curies":[{"name":"wp","href":"https:\/\/api.w.org\/{rel}","templated":true}]}}