{"id":1536,"date":"2018-10-17T09:22:58","date_gmt":"2018-10-17T09:22:58","guid":{"rendered":"http:\/\/tenkabest.com\/?page_id=1536"},"modified":"2024-04-30T12:44:01","modified_gmt":"2024-04-30T12:44:01","slug":"politique-de-cookies","status":"publish","type":"page","link":"https:\/\/tenkabest.com\/fr\/politique-de-cookies\/","title":{"rendered":"Politique en mati\u00e8re de cookies"},"content":{"rendered":"<h2>\u00c0 INTRODUIRE DANS LE SITE WEB DE L&#8217;ENTIT\u00c9<\/h2>\n<p>TENKA BEST SLU utilise des &#8220;cookies&#8221; pour assurer le bon fonctionnement de son site web, am\u00e9liorer la s\u00e9curit\u00e9 et obtenir une plus grande efficacit\u00e9 et personnalisation des services offerts aux utilisateurs. Si vous continuez \u00e0 naviguer, ou si vous appuyez sur le bouton &#8220;OK&#8221;, vous en acceptez toute l&#8217;utilisation. Si vous n&#8217;acceptez pas cette utilisation, appuyez sur le bouton &#8220;NOT OK&#8221;.<\/p>\n<p>Vous pouvez obtenir plus d&#8217;informations sur notre politique en mati\u00e8re de cookies.<\/p>\n<h2><\/h2>\n<h2><strong>1- QU&#8217;EST-CE QU&#8217;UN BISCUIT ?<\/strong><\/h2>\n<p>Les cookies sont de petits fichiers de donn\u00e9es qui sont re\u00e7us par le terminal \u00e0 partir du site web visit\u00e9 et qui sont utilis\u00e9s pour enregistrer certaines interactions lors de la navigation sur un site web, en stockant des donn\u00e9es qui peuvent \u00eatre r\u00e9cup\u00e9r\u00e9es et mises \u00e0 jour. Ces fichiers sont stock\u00e9s sur l&#8217;ordinateur de l&#8217;utilisateur et contiennent des donn\u00e9es anonymes qui ne sont pas nuisibles \u00e0 votre ordinateur. Ils sont utilis\u00e9s pour m\u00e9moriser les pr\u00e9f\u00e9rences de l&#8217;utilisateur, telles que la langue pr\u00e9f\u00e9r\u00e9e, la connexion ou la personnalisation de la page.<br \/>\nLes cookies peuvent \u00e9galement \u00eatre utilis\u00e9s pour enregistrer des informations anonymes sur la fa\u00e7on dont un visiteur utilise un site. Par exemple, \u00e0 partir de quel site web l&#8217;utilisateur a acc\u00e9d\u00e9 au site, ou a utilis\u00e9 une &#8220;banni\u00e8re&#8221; publicitaire pour l&#8217;atteindre.<\/p>\n<h2><\/h2>\n<h2><strong>2-POURQUOI UTILISONS-NOUS DES COOKIES ?<\/strong><\/h2>\n<p><strong>TENKA BEST SLU<\/strong> utilise des cookies strictement n\u00e9cessaires et essentiels pour utiliser nos sites et vous permettre de vous d\u00e9placer librement, d&#8217;utiliser des zones s\u00e9curis\u00e9es, des param\u00e8tres personnalis\u00e9s, etc. En outre, <strong>TENKA BEST SLU<\/strong> utilise des cookies pour collecter des donn\u00e9es relatives \u00e0 l&#8217;analyse de l&#8217;utilisation du web. Elles sont utilis\u00e9es pour am\u00e9liorer le service \u00e0 la client\u00e8le, mesurer l&#8217;utilisation et la performance du site, l&#8217;optimiser et le personnaliser.<\/p>\n<p>Nos sites peuvent \u00e9galement contenir des liens vers des r\u00e9seaux sociaux (comme Facebook ou Twitter). <strong>TENKA BEST SLU<\/strong> ne contr\u00f4le pas les cookies utilis\u00e9s par ces sites externes. Pour plus d&#8217;informations sur les cookies et autres sites de r\u00e9seaux sociaux d&#8217;autrui, nous vous conseillons de consulter leurs propres politiques en mati\u00e8re de cookies.<\/p>\n<p>Ce site Internet utilise des &#8220;cookies&#8221; de la mani\u00e8re suivante :<\/p>\n<ul>\n<li>Cookie Analytics : Google Analytics est un service gratuit offert par Google Inc. et comprend des informations sur les pages Web consult\u00e9es, l&#8217;heure, le navigateur Web, etc. Ces informations sont ensuite envoy\u00e9es aux serveurs de Google Inc. \u00c9tats-Unis.<\/li>\n<li>Application de cookies &#8220;Add-this&#8221; : Add-this est un service gratuit qui vous permet de partager des pages de ce site web par diff\u00e9rents moyens (email, r\u00e9seaux sociaux, etc.). Add-this compile des informations statistiques sur votre navigation afin de vous proposer des publicit\u00e9s adapt\u00e9es \u00e0 vos habitudes de navigation sur ce site ou ailleurs.<\/li>\n<\/ul>\n<h2><\/h2>\n<h2><strong>3. QUELLE UTILISATION FAISONS-NOUS DES DIFF\u00c9RENTS TYPES DE COOKIES ?<\/strong><\/h2>\n<p><strong>En fonction de son objectif :<\/strong><\/p>\n<ul>\n<li> <strong> Cookies techniques<\/strong>: Cookies dont les techniques sont essentielles et strictement n\u00e9cessaires au bon fonctionnement d&#8217;un site web et \u00e0 l&#8217;utilisation des diff\u00e9rentes options et services. Par exemple, ceux qui servent \u00e0 g\u00e9rer la session, le temps de r\u00e9ponse, les performances et les options de validation, l&#8217;utilisation des fonctions de s\u00e9curit\u00e9, le partage avec les r\u00e9seaux sociaux, etc.<\/li>\n<li> <strong> Cookies de personnalisation<\/strong>: Ces cookies permettent \u00e0 l&#8217;utilisateur de sp\u00e9cifier ou de personnaliser certaines caract\u00e9ristiques des param\u00e8tres du site web, par exemple de d\u00e9finir la langue, les param\u00e8tres locaux et le type de navigateur.<\/li>\n<li> <strong> Cookies analytiques<\/strong>: Les cookies analytiques sont utilis\u00e9s par notre portail web pour d\u00e9velopper des profils de navigation et conna\u00eetre les pr\u00e9f\u00e9rences des utilisateurs afin d&#8217;am\u00e9liorer la gamme de produits et de services. Par exemple, l&#8217;utilisation d&#8217;un cookie analytique permet de contr\u00f4ler les zones g\u00e9ographiques qui int\u00e9ressent un utilisateur, quel est le produit le plus accept\u00e9, etc.<\/li>\n<li> <strong> Cookies publicitaires<\/strong>: les cookies publicitaires permettent de g\u00e9rer les espaces publicitaires en fonction de crit\u00e8res sp\u00e9cifiques. Par exemple, la fr\u00e9quence d&#8217;acc\u00e8s, l&#8217;\u00e9dition du contenu, etc. Les cookies publicitaires permettent, par le biais de la gestion de la publicit\u00e9, de stocker des informations sur le comportement en observant les habitudes, l&#8217;acc\u00e8s des \u00e9tudiants et la formation d&#8217;un profil des pr\u00e9f\u00e9rences de l&#8217;utilisateur afin de fournir des publicit\u00e9s sur votre profil d&#8217;int\u00e9r\u00eats.<\/li>\n<\/ul>\n<p><strong>Selon son terme :<\/strong><\/p>\n<ul>\n<li><strong>Cookies de session<\/strong>: Les cookies de session sont ceux qui durent aussi longtemps que l&#8217;utilisateur navigue sur le site web et sont supprim\u00e9s \u00e0 terme.<\/li>\n<li><strong>Cookies persistants<\/strong>: Ces cookies sont stock\u00e9s sur l&#8217;ordinateur de l&#8217;utilisateur pendant une p\u00e9riode plus longue, ce qui facilite le contr\u00f4le des pr\u00e9f\u00e9rences choisies sans avoir \u00e0 r\u00e9p\u00e9ter certains param\u00e8tres \u00e0 chaque fois que vous visitez le site.<\/li>\n<\/ul>\n<table>\n<thead>\n<tr>\n<td width=\"113\"><strong>Nom<\/strong><\/td>\n<td width=\"79\"><strong>Domaine<\/strong><\/td>\n<td width=\"158\"><strong>Objectif<\/strong><\/td>\n<td width=\"75\"><strong>Expiration<\/strong><\/td>\n<\/tr>\n<\/thead>\n<tbody>\n<tr>\n<td width=\"113\">wpml_browser_redirect_test<\/td>\n<td width=\"79\">tenkabest.com<\/td>\n<td width=\"158\">Cookies de personnalisation<\/td>\n<td width=\"75\">Session<\/td>\n<\/tr>\n<tr>\n<td width=\"113\">_ga<\/td>\n<td width=\"79\">.gstatic.com<\/td>\n<td width=\"158\">Cookies analytiques<\/td>\n<td width=\"75\">2 ans<\/td>\n<\/tr>\n<tr>\n<td width=\"113\">_icl_current_language<\/td>\n<td width=\"79\">tenkabest.com<\/td>\n<td width=\"158\">Cookies de personnalisation<\/td>\n<td width=\"75\">1 jour<\/td>\n<\/tr>\n<tr>\n<td width=\"113\">catAccCookies<\/td>\n<td width=\"79\">tenkabest.com<\/td>\n<td width=\"158\">Cookies techniques<\/td>\n<td width=\"75\">1 mois<\/td>\n<\/tr>\n<tr>\n<td width=\"113\">_icl_visitor_lang_js<\/td>\n<td width=\"79\">tenkabest.com<\/td>\n<td width=\"158\">Cookies de personnalisation<\/td>\n<td width=\"75\">24 heures<\/td>\n<\/tr>\n<\/tbody>\n<\/table>\n<h2><\/h2>\n<h2><strong>4- SI JE NE VEUX PAS DE CES BISCUITS OU SI JE NE FAIS RIEN POUR Y REM\u00c9DIER ?<br \/>\n<\/strong><\/h2>\n<p>Pour respecter la l\u00e9gislation en vigueur, nous devons vous demander la permission de g\u00e9rer les cookies. Si vous d\u00e9cidez de ne pas autoriser le traitement en indiquant une non-conformit\u00e9, nous n&#8217;utiliserons que des cookies techniques car ils sont essentiels \u00e0 la navigation sur notre site web. Dans ce cas, nous ne stockons aucun cookie. Le fait de continuer \u00e0 naviguer sur notre site web sans refuser l&#8217;autorisation implique l&#8217;acceptation de son utilisation.<\/p>\n<p>Notez que si vous rejetez ou supprimez les cookies de la navigation sur le Web, nous ne pourrons pas conserver vos pr\u00e9f\u00e9rences, certaines fonctions des pages ne seront pas op\u00e9rationnelles, nous ne pourrons pas offrir de services personnalis\u00e9s et chaque fois que vous naviguerez sur notre site Web, nous devrons vous demander \u00e0 nouveau votre autorisation pour l&#8217;utilisation de cookies.<\/p>\n<p>Si toutefois, vous d\u00e9cidez de modifier la configuration de votre acc\u00e8s au site, sachez qu&#8217;il est possible de supprimer les cookies ou d&#8217;emp\u00eacher l&#8217;enregistrement de ces informations sur votre ordinateur \u00e0 tout moment en modifiant les param\u00e8tres de votre navigateur :<\/p>\n<ul>\n<li><a href=\"https:\/\/support.microsoft.com\/en-us\/help\/17442\/windows-internet-explorer-delete-manage-cookies\">Configuration des cookies d&#8217;Internet Explorer.<\/a><\/li>\n<li><a href=\"https:\/\/support.mozilla.org\/en-US\/kb\/enable-and-disable-cookies-website-preferences\">Configuration des cookies de Firefox.<\/a><\/li>\n<li><a href=\"https:\/\/support.google.com\/chrome\/answer\/95647?co=GENIE.Platform%3DDesktop&amp;hl=en-GB\">Configuration des cookies de Google Chrome.<\/a><\/li>\n<li><a href=\"https:\/\/support.apple.com\/es-es\/guide\/safari\/manage-cookies-and-website-data-sfri11471\/mac\">Configuration des cookies de Safari.<\/a><\/li>\n<\/ul>\n<p>Ces navigateurs font l&#8217;objet de mises \u00e0 jour ou de modifications ; nous ne pouvons pas garantir qu&#8217;ils s&#8217;adaptent parfaitement \u00e0 la version du navigateur. Vous pouvez \u00e9galement utiliser un autre navigateur qui n&#8217;est pas mentionn\u00e9 dans ces liens, comme Konqueror, Arora, Flock, etc. Pour \u00e9viter ces d\u00e9s\u00e9quilibres, vous pouvez acc\u00e9der directement aux options de votre navigateur, qui se trouve g\u00e9n\u00e9ralement dans le menu Options, dans la section &#8220;Vie priv\u00e9e&#8221;. (Veuillez consulter l&#8217;aide de votre navigateur pour plus d&#8217;informations).<\/p>\n<h2><\/h2>\n<h2><strong>5-O\u00d9 PUIS-JE OBTENIR PLUS D&#8217;INFORMATIONS ?<\/strong><\/h2>\n<p>Vous trouverez de plus amples informations sur les cookies \u00e0 l&#8217;<a href=\"http:\/\/www.allaboutcookies.org\">adresse www.allaboutcookies.org<\/a> ou <a href=\"..\/..%20Internet%.Outlook\/7R519M7F\/www.youronlinechoices.eu\">www.youronlinechoices.eu<\/a>.<\/p>\n","protected":false},"excerpt":{"rendered":"<p>\u00c0 INTRODUIRE DANS LE SITE WEB DE L&#8217;ENTIT\u00c9 TENKA BEST&hellip; <a class=\"continue\" href=\"https:\/\/tenkabest.com\/fr\/politique-de-cookies\/\">Seguir Leyendo<span> Politique en mati\u00e8re de cookies<\/span><\/a><\/p>\n","protected":false},"author":3,"featured_media":0,"parent":0,"menu_order":0,"comment_status":"closed","ping_status":"closed","template":"","meta":{"footnotes":""},"class_list":["post-1536","page","type-page","status-publish","hentry"],"yoast_head":"<!-- This site is optimized with the Yoast SEO plugin v27.4 - https:\/\/yoast.com\/product\/yoast-seo-wordpress\/ -->\n<title>Politique en mati\u00e8re de cookies - TENKA BEST<\/title>\n<meta name=\"robots\" content=\"index, follow, max-snippet:-1, max-image-preview:large, max-video-preview:-1\" \/>\n<link rel=\"canonical\" href=\"https:\/\/tenkabest.com\/fr\/politique-de-cookies\/\" \/>\n<meta property=\"og:locale\" content=\"fr_FR\" \/>\n<meta property=\"og:type\" content=\"article\" \/>\n<meta property=\"og:title\" content=\"Politique en mati\u00e8re de cookies - TENKA BEST\" \/>\n<meta property=\"og:description\" content=\"\u00c0 INTRODUIRE DANS LE SITE WEB DE L&#8217;ENTIT\u00c9 TENKA BEST&hellip; Seguir Leyendo Politique en mati\u00e8re de cookies\" \/>\n<meta property=\"og:url\" content=\"https:\/\/tenkabest.com\/fr\/politique-de-cookies\/\" \/>\n<meta property=\"og:site_name\" content=\"TENKA BEST\" \/>\n<meta property=\"article:modified_time\" content=\"2024-04-30T12:44:01+00:00\" \/>\n<meta property=\"og:image\" content=\"https:\/\/tenkabest.com\/wp-content\/uploads\/2021\/03\/slide3nou.jpg\" \/>\n\t<meta property=\"og:image:width\" content=\"2560\" \/>\n\t<meta property=\"og:image:height\" content=\"964\" \/>\n\t<meta property=\"og:image:type\" content=\"image\/jpeg\" \/>\n<meta name=\"twitter:card\" content=\"summary_large_image\" \/>\n<meta name=\"twitter:label1\" content=\"Dur\u00e9e de lecture estim\u00e9e\" \/>\n\t<meta name=\"twitter:data1\" content=\"6 minutes\" \/>\n<script type=\"application\/ld+json\" class=\"yoast-schema-graph\">{\"@context\":\"https:\\\/\\\/schema.org\",\"@graph\":[{\"@type\":\"WebPage\",\"@id\":\"https:\\\/\\\/tenkabest.com\\\/fr\\\/politique-de-cookies\\\/\",\"url\":\"https:\\\/\\\/tenkabest.com\\\/fr\\\/politique-de-cookies\\\/\",\"name\":\"Politique en mati\u00e8re de cookies - TENKA BEST\",\"isPartOf\":{\"@id\":\"https:\\\/\\\/tenkabest.com\\\/fr\\\/#website\"},\"datePublished\":\"2018-10-17T09:22:58+00:00\",\"dateModified\":\"2024-04-30T12:44:01+00:00\",\"breadcrumb\":{\"@id\":\"https:\\\/\\\/tenkabest.com\\\/fr\\\/politique-de-cookies\\\/#breadcrumb\"},\"inLanguage\":\"fr-FR\",\"potentialAction\":[{\"@type\":\"ReadAction\",\"target\":[\"https:\\\/\\\/tenkabest.com\\\/fr\\\/politique-de-cookies\\\/\"]}]},{\"@type\":\"BreadcrumbList\",\"@id\":\"https:\\\/\\\/tenkabest.com\\\/fr\\\/politique-de-cookies\\\/#breadcrumb\",\"itemListElement\":[{\"@type\":\"ListItem\",\"position\":1,\"name\":\"Portada\",\"item\":\"https:\\\/\\\/tenkabest.com\\\/fr\\\/\"},{\"@type\":\"ListItem\",\"position\":2,\"name\":\"Politique en mati\u00e8re de cookies\"}]},{\"@type\":\"WebSite\",\"@id\":\"https:\\\/\\\/tenkabest.com\\\/fr\\\/#website\",\"url\":\"https:\\\/\\\/tenkabest.com\\\/fr\\\/\",\"name\":\"TENKA BEST\",\"description\":\"Fabricamos ambientaci\u00f3n de calidad e insecticidas: mikados, velas, antipolillas, citronela y absorbe olores\",\"publisher\":{\"@id\":\"https:\\\/\\\/tenkabest.com\\\/fr\\\/#organization\"},\"alternateName\":\"TenkaBest\",\"potentialAction\":[{\"@type\":\"SearchAction\",\"target\":{\"@type\":\"EntryPoint\",\"urlTemplate\":\"https:\\\/\\\/tenkabest.com\\\/fr\\\/?s={search_term_string}\"},\"query-input\":{\"@type\":\"PropertyValueSpecification\",\"valueRequired\":true,\"valueName\":\"search_term_string\"}}],\"inLanguage\":\"fr-FR\"},{\"@type\":\"Organization\",\"@id\":\"https:\\\/\\\/tenkabest.com\\\/fr\\\/#organization\",\"name\":\"TENKA BEST\",\"alternateName\":\"TenkaBest\",\"url\":\"https:\\\/\\\/tenkabest.com\\\/fr\\\/\",\"logo\":{\"@type\":\"ImageObject\",\"inLanguage\":\"fr-FR\",\"@id\":\"https:\\\/\\\/tenkabest.com\\\/fr\\\/#\\\/schema\\\/logo\\\/image\\\/\",\"url\":\"https:\\\/\\\/tenkabest.com\\\/wp-content\\\/uploads\\\/2024\\\/03\\\/logo_tenkabest_web5cm-e1711368714464.jpg\",\"contentUrl\":\"https:\\\/\\\/tenkabest.com\\\/wp-content\\\/uploads\\\/2024\\\/03\\\/logo_tenkabest_web5cm-e1711368714464.jpg\",\"width\":250,\"height\":69,\"caption\":\"TENKA BEST\"},\"image\":{\"@id\":\"https:\\\/\\\/tenkabest.com\\\/fr\\\/#\\\/schema\\\/logo\\\/image\\\/\"},\"sameAs\":[\"https:\\\/\\\/www.linkedin.com\\\/company\\\/tenka-best-s-l-\",\"https:\\\/\\\/www.youtube.com\\\/@tenkabest-canal\"]}]}<\/script>\n<!-- \/ Yoast SEO plugin. -->","yoast_head_json":{"title":"Politique en mati\u00e8re de cookies - TENKA BEST","robots":{"index":"index","follow":"follow","max-snippet":"max-snippet:-1","max-image-preview":"max-image-preview:large","max-video-preview":"max-video-preview:-1"},"canonical":"https:\/\/tenkabest.com\/fr\/politique-de-cookies\/","og_locale":"fr_FR","og_type":"article","og_title":"Politique en mati\u00e8re de cookies - TENKA BEST","og_description":"\u00c0 INTRODUIRE DANS LE SITE WEB DE L&#8217;ENTIT\u00c9 TENKA BEST&hellip; Seguir Leyendo Politique en mati\u00e8re de cookies","og_url":"https:\/\/tenkabest.com\/fr\/politique-de-cookies\/","og_site_name":"TENKA BEST","article_modified_time":"2024-04-30T12:44:01+00:00","og_image":[{"width":2560,"height":964,"url":"https:\/\/tenkabest.com\/wp-content\/uploads\/2021\/03\/slide3nou.jpg","type":"image\/jpeg"}],"twitter_card":"summary_large_image","twitter_misc":{"Dur\u00e9e de lecture estim\u00e9e":"6 minutes"},"schema":{"@context":"https:\/\/schema.org","@graph":[{"@type":"WebPage","@id":"https:\/\/tenkabest.com\/fr\/politique-de-cookies\/","url":"https:\/\/tenkabest.com\/fr\/politique-de-cookies\/","name":"Politique en mati\u00e8re de cookies - TENKA BEST","isPartOf":{"@id":"https:\/\/tenkabest.com\/fr\/#website"},"datePublished":"2018-10-17T09:22:58+00:00","dateModified":"2024-04-30T12:44:01+00:00","breadcrumb":{"@id":"https:\/\/tenkabest.com\/fr\/politique-de-cookies\/#breadcrumb"},"inLanguage":"fr-FR","potentialAction":[{"@type":"ReadAction","target":["https:\/\/tenkabest.com\/fr\/politique-de-cookies\/"]}]},{"@type":"BreadcrumbList","@id":"https:\/\/tenkabest.com\/fr\/politique-de-cookies\/#breadcrumb","itemListElement":[{"@type":"ListItem","position":1,"name":"Portada","item":"https:\/\/tenkabest.com\/fr\/"},{"@type":"ListItem","position":2,"name":"Politique en mati\u00e8re de cookies"}]},{"@type":"WebSite","@id":"https:\/\/tenkabest.com\/fr\/#website","url":"https:\/\/tenkabest.com\/fr\/","name":"TENKA BEST","description":"Fabricamos ambientaci\u00f3n de calidad e insecticidas: mikados, velas, antipolillas, citronela y absorbe olores","publisher":{"@id":"https:\/\/tenkabest.com\/fr\/#organization"},"alternateName":"TenkaBest","potentialAction":[{"@type":"SearchAction","target":{"@type":"EntryPoint","urlTemplate":"https:\/\/tenkabest.com\/fr\/?s={search_term_string}"},"query-input":{"@type":"PropertyValueSpecification","valueRequired":true,"valueName":"search_term_string"}}],"inLanguage":"fr-FR"},{"@type":"Organization","@id":"https:\/\/tenkabest.com\/fr\/#organization","name":"TENKA BEST","alternateName":"TenkaBest","url":"https:\/\/tenkabest.com\/fr\/","logo":{"@type":"ImageObject","inLanguage":"fr-FR","@id":"https:\/\/tenkabest.com\/fr\/#\/schema\/logo\/image\/","url":"https:\/\/tenkabest.com\/wp-content\/uploads\/2024\/03\/logo_tenkabest_web5cm-e1711368714464.jpg","contentUrl":"https:\/\/tenkabest.com\/wp-content\/uploads\/2024\/03\/logo_tenkabest_web5cm-e1711368714464.jpg","width":250,"height":69,"caption":"TENKA BEST"},"image":{"@id":"https:\/\/tenkabest.com\/fr\/#\/schema\/logo\/image\/"},"sameAs":["https:\/\/www.linkedin.com\/company\/tenka-best-s-l-","https:\/\/www.youtube.com\/@tenkabest-canal"]}]}},"_links":{"self":[{"href":"https:\/\/tenkabest.com\/fr\/wp-json\/wp\/v2\/pages\/1536","targetHints":{"allow":["GET"]}}],"collection":[{"href":"https:\/\/tenkabest.com\/fr\/wp-json\/wp\/v2\/pages"}],"about":[{"href":"https:\/\/tenkabest.com\/fr\/wp-json\/wp\/v2\/types\/page"}],"author":[{"embeddable":true,"href":"https:\/\/tenkabest.com\/fr\/wp-json\/wp\/v2\/users\/3"}],"replies":[{"embeddable":true,"href":"https:\/\/tenkabest.com\/fr\/wp-json\/wp\/v2\/comments?post=1536"}],"version-history":[{"count":9,"href":"https:\/\/tenkabest.com\/fr\/wp-json\/wp\/v2\/pages\/1536\/revisions"}],"predecessor-version":[{"id":5967,"href":"https:\/\/tenkabest.com\/fr\/wp-json\/wp\/v2\/pages\/1536\/revisions\/5967"}],"wp:attachment":[{"href":"https:\/\/tenkabest.com\/fr\/wp-json\/wp\/v2\/media?parent=1536"}],"curies":[{"name":"wp","href":"https:\/\/api.w.org\/{rel}","templated":true}]}}