{"id":5972,"date":"2018-10-17T09:28:58","date_gmt":"2018-10-17T09:28:58","guid":{"rendered":"https:\/\/tenkabest.com\/cookies-politik\/"},"modified":"2018-10-17T09:28:58","modified_gmt":"2018-10-17T09:28:58","slug":"cookies-politik","status":"publish","type":"page","link":"https:\/\/tenkabest.com\/de\/cookies-politik\/","title":{"rendered":"Cookies Politik"},"content":{"rendered":"<h2><strong>1-WAS SIND KEKSE?<\/strong><\/h2>\n<p>Cookies sind kleine Datendateien, die auf dem Endger\u00e4t von der besuchten Website empfangen werden und dazu dienen, bestimmte Browsing-Interaktionen auf einer Website aufzuzeichnen, indem sie Daten speichern, die aktualisiert und abgerufen werden k\u00f6nnen. Diese Dateien werden auf dem Computer des Benutzers gespeichert und enthalten anonyme Daten, die f\u00fcr den Computer des Benutzers nicht sch\u00e4dlich sind. Sie werden verwendet, um sich an die Pr\u00e4ferenzen des Benutzers zu erinnern, wie z.B. die gew\u00e4hlte Sprache, Zugangsdaten oder die Personalisierung der Seite.<\/p>\n<p>Cookies k\u00f6nnen auch verwendet werden, um anonyme Informationen dar\u00fcber aufzuzeichnen, wie ein Besucher eine Website nutzt. Zum Beispiel, von welcher Website aus Sie darauf zugegriffen haben oder ob Sie eine Bannerwerbung benutzt haben, um dorthin zu gelangen.<\/p>\n<h2><strong>2-WARUM VERWENDEN WIR COOKIES?<\/strong><\/h2>\n<p><strong>TENKA BEST SLU<\/strong> verwendet Cookies, die unbedingt notwendig und unerl\u00e4sslich sind, damit Sie unsere Websites nutzen k\u00f6nnen, und die es Ihnen erm\u00f6glichen, sich frei zu bewegen, sichere Bereiche zu nutzen, personalisierte Optionen zu verwenden usw. Dar\u00fcber hinaus verwendet <strong>TENKA BEST SLU<\/strong> Cookies, die Daten zur Analyse der Nutzung der Website sammeln. Diese werden verwendet, um den Kundenservice zu verbessern, indem die Nutzung und Leistung der Website gemessen wird, um die Website zu optimieren und zu personalisieren.<\/p>\n<p>Unsere Websites k\u00f6nnen auch Links zu sozialen Netzwerken (wie Facebook oder Twitter) enthalten. <strong>TENKA BEST SLU<\/strong> hat keine Kontrolle \u00fcber die von diesen externen Websites verwendeten Cookies. F\u00fcr weitere Informationen \u00fcber Cookies von sozialen Netzwerken oder anderen externen Websites raten wir Ihnen, deren eigene Cookie-Richtlinien zu lesen.<\/p>\n<p>Diese Website verwendet Cookies wie folgt:<\/p>\n<p>Google ANALYTICS-Cookie: Google ANALYTICS ist ein kostenloser Dienst, der von Google Inc. und die Informationen \u00fcber die besuchten Webseiten, den Zeitpunkt, den Webbrowser usw. sammelt. Diese Informationen werden dann an die Server von Google Inc. gesendet. in den Vereinigten Staaten.<\/p>\n<p>Add-this&#8220;-Anwendungs-Cookies: Add-this ist ein kostenloser Dienst, der es Ihnen erm\u00f6glicht, Seiten dieser Website auf verschiedenen Wegen zu teilen (E-Mail, soziale Netzwerke usw.). Add-his sammelt statistische Informationen \u00fcber Ihr Surfverhalten, um Ihnen auf dieser Website oder anderswo auf Ihre Surfgewohnheiten zugeschnittene Werbung anbieten zu k\u00f6nnen.<\/p>\n<h2><strong>3- WIE VERWENDEN WIR DIE VERSCHIEDENEN ARTEN VON COOKIES?<\/strong><\/h2>\n<p><strong>Je nach ihrem Zweck:<\/strong><\/p>\n<p>Technische Cookies: Technische Cookies sind diejenigen, die f\u00fcr das korrekte Funktionieren eines Webportals und die Nutzung der verschiedenen Optionen und Dienste, die es anbietet, unerl\u00e4sslich und unbedingt notwendig sind. Zum Beispiel solche f\u00fcr die Sitzungspflege, die Verwaltung der Antwortzeiten, die Ausf\u00fchrung oder Validierung von Optionen, die Verwendung von Sicherheitsfunktionen, die Freigabe von Inhalten f\u00fcr soziale Netzwerke usw.<\/p>\n<p>Personalisierungs-Cookies: Diese Cookies erm\u00f6glichen es dem Benutzer, einige Merkmale der allgemeinen Optionen der Website festzulegen oder anzupassen, z. B. die Sprache, die regionale Konfiguration oder den Browsertyp.<\/p>\n<p>Analytische Cookies: Analytische Cookies werden von unserem Webportal verwendet, um Browsing-Profile zu erstellen und die Pr\u00e4ferenzen der Nutzer zu kennen, um das Angebot an Produkten und Dienstleistungen zu verbessern. Ein Analyse-Cookie w\u00fcrde zum Beispiel verwendet, um die geografischen Gebiete zu \u00fcberwachen, die f\u00fcr einen Nutzer von gr\u00f6\u00dftem Interesse sind, das beliebteste Produkt, usw.<\/p>\n<p>Werbe-\/Werbecookies: Werbecookies erm\u00f6glichen die Verwaltung von Werbefl\u00e4chen nach bestimmten Kriterien. Zum Beispiel die H\u00e4ufigkeit des Zugriffs, der bearbeitete Inhalt, usw. Werbe-Cookies erm\u00f6glichen es dem Werbemanagement, durch die Beobachtung von Gewohnheiten, die Untersuchung von Zugriffen und die Erstellung eines Profils der Nutzerpr\u00e4ferenzen Verhaltensinformationen zu speichern, um Werbung anzubieten, die auf die Interessen des Nutzerprofils abgestimmt ist.<\/p>\n<p><strong>Laut Deadline:<\/strong><\/p>\n<p>Sitzungscookies: Sitzungscookies sind Cookies, die so lange gespeichert werden, wie der Benutzer auf der Website surft, und die am Ende der Sitzung gel\u00f6scht werden.<\/p>\n<p>Dauerhafte Cookies: Diese Cookies bleiben f\u00fcr einen l\u00e4ngeren Zeitraum auf dem Endger\u00e4t des Benutzers gespeichert und erleichtern so die Kontrolle der gew\u00e4hlten Einstellungen, ohne dass bestimmte Parameter bei jedem Besuch der Website erneut eingegeben werden m\u00fcssen.<\/p>\n<table>\n<thead>\n<tr>\n<td width=\"113\"><strong>Name<\/strong><\/td>\n<td width=\"79\"><strong>Domain<\/strong><\/td>\n<td width=\"158\"><strong>Zweck<\/strong><\/td>\n<td width=\"75\"><strong>Verfallsdatum<\/strong><\/td>\n<\/tr>\n<\/thead>\n<tbody>\n<tr>\n<td width=\"113\">wpml_browser_redirect_test<\/td>\n<td width=\"79\">tenkabest.com<\/td>\n<td width=\"158\">Personalisierungs-Cookies<\/td>\n<td width=\"75\">Sitzung<\/td>\n<\/tr>\n<tr>\n<td width=\"113\">_ga<\/td>\n<td width=\"79\">.gstatic.com<\/td>\n<td width=\"158\">Analytische Cookies<\/td>\n<td width=\"75\">2 Jahre<\/td>\n<\/tr>\n<tr>\n<td width=\"113\">_icl_current_language<\/td>\n<td width=\"79\">tenkabest.com<\/td>\n<td width=\"158\">Personalisierungs-Cookies<\/td>\n<td width=\"75\">1 Tag<\/td>\n<\/tr>\n<tr>\n<td width=\"113\">catAccCookies<\/td>\n<td width=\"79\">tenkabest.com<\/td>\n<td width=\"158\">Technische Cookies<\/td>\n<td width=\"75\">1 Monat<\/td>\n<\/tr>\n<tr>\n<td width=\"113\">_icl_visitor_lang_js<\/td>\n<td width=\"79\">tenkabest.com<\/td>\n<td width=\"158\">Personalisierungs-Cookies<\/td>\n<td width=\"75\">24 Stunden<\/td>\n<\/tr>\n<\/tbody>\n<\/table>\n<h2><\/h2>\n<h2><strong>4- WAS IST, WENN ICH DIESE KEKSE NICHT HABEN M\u00d6CHTE ODER NICHTS DAGEGEN UNTERNEHME?<\/strong><\/h2>\n<p>Um der geltenden Gesetzgebung zu entsprechen, m\u00fcssen wir Sie um Ihre Erlaubnis bitten, Cookies zu verwalten. Wenn Sie sich entscheiden, der Verarbeitung nicht zuzustimmen, indem Sie Ihre Nichtzustimmung angeben, werden wir nur technische Cookies verwenden, da diese f\u00fcr das Surfen auf unserer Website unerl\u00e4sslich sind. In diesem Fall werden keine Cookies gespeichert. Wenn Sie auf unserer Website weitersurfen, ohne die Erlaubnis zu verweigern, bedeutet dies, dass Sie deren Verwendung akzeptieren.<\/p>\n<p>Bitte beachten Sie, dass wir, wenn Sie Cookies ablehnen oder l\u00f6schen, nicht in der Lage sind, Ihre Pr\u00e4ferenzen beizubehalten, dass einige Funktionen der Seiten nicht funktionieren, dass wir nicht in der Lage sind, Ihnen personalisierte Dienste anzubieten und dass wir Sie jedes Mal, wenn Sie unsere Website besuchen, erneut um Ihre Zustimmung zur Verwendung von Cookies bitten m\u00fcssen.<\/p>\n<p>Wenn Sie sich dennoch entscheiden, die Konfiguration Ihres Zugriffs auf die Website zu \u00e4ndern, sollten Sie wissen, dass Sie Cookies jederzeit l\u00f6schen oder die Aufzeichnung dieser Informationen auf Ihrem Computer verhindern k\u00f6nnen, indem Sie die Konfigurationsparameter Ihres Browsers \u00e4ndern:<\/p>\n<p><a href=\"https:\/\/support.microsoft.com\/es-es\/help\/17442\/windows-internet-explorer-delete-manage-cookies\">Internet Explorer Cookie-Einstellungen.<\/a><\/p>\n<p><a href=\"https:\/\/support.mozilla.org\/es\/kb\/habilitar-y-deshabilitar-cookies-sitios-web-rastrear-preferencias\">Firefox Cookie-Einstellungen.<\/a><\/p>\n<p><a href=\"https:\/\/support.google.com\/chrome\/answer\/95647?co=GENIE.Platform%3DDesktop&amp;hl=es-419\">Google Chrome Cookie-Einstellungen.<\/a><\/p>\n<p><a href=\"https:\/\/support.apple.com\/es-es\/guide\/safari\/sfri11471\/mac\">Safari Cookie-Einstellungen.<\/a><\/p>\n<p>Diese Browser unterliegen \u00c4nderungen oder Modifikationen, so dass wir nicht garantieren k\u00f6nnen, dass sie mit Ihrer Browserversion vollst\u00e4ndig kompatibel sind. M\u00f6glicherweise verwenden Sie auch einen anderen Browser, der von diesen Links nicht abgedeckt wird, wie z.B. Konqueror, Arora, Flock, etc. Um diese Unstimmigkeiten zu vermeiden, k\u00f6nnen Sie sie direkt \u00fcber die Optionen Ihres Browsers aufrufen, die Sie in der Regel im Men\u00fc Optionen im Abschnitt &#8222;Datenschutz&#8220; finden. (Bitte konsultieren Sie die Hilfe Ihres Browsers f\u00fcr weitere Informationen).<\/p>\n<h2><strong>5-WO KANN ICH WEITERE INFORMATIONEN ERHALTEN?<\/strong><\/h2>\n<p>Weitere Informationen \u00fcber Cookies finden Sie unter:<\/p>\n<p>www.allaboutcookies.org oder www.youronlinechoices.eu.<\/p>\n","protected":false},"excerpt":{"rendered":"<p>1-WAS SIND KEKSE? Cookies sind kleine Datendateien, die auf dem&hellip; <a class=\"continue\" href=\"https:\/\/tenkabest.com\/de\/cookies-politik\/\">Seguir Leyendo<span> Cookies Politik<\/span><\/a><\/p>\n","protected":false},"author":3,"featured_media":0,"parent":0,"menu_order":0,"comment_status":"closed","ping_status":"closed","template":"","meta":{"footnotes":""},"class_list":["post-5972","page","type-page","status-publish","hentry"],"yoast_head":"<!-- This site is optimized with the Yoast SEO plugin v27.4 - https:\/\/yoast.com\/product\/yoast-seo-wordpress\/ -->\n<title>Cookies Politik - TENKA BEST<\/title>\n<meta name=\"robots\" content=\"index, follow, max-snippet:-1, max-image-preview:large, max-video-preview:-1\" \/>\n<link rel=\"canonical\" href=\"https:\/\/tenkabest.com\/de\/cookies-politik\/\" \/>\n<meta property=\"og:locale\" content=\"de_DE\" \/>\n<meta property=\"og:type\" content=\"article\" \/>\n<meta property=\"og:title\" content=\"Cookies Politik - TENKA BEST\" \/>\n<meta property=\"og:description\" content=\"1-WAS SIND KEKSE? Cookies sind kleine Datendateien, die auf dem&hellip; Seguir Leyendo Cookies Politik\" \/>\n<meta property=\"og:url\" content=\"https:\/\/tenkabest.com\/de\/cookies-politik\/\" \/>\n<meta property=\"og:site_name\" content=\"TENKA BEST\" \/>\n<meta property=\"og:image\" content=\"https:\/\/tenkabest.com\/wp-content\/uploads\/2021\/03\/slide3nou.jpg\" \/>\n\t<meta property=\"og:image:width\" content=\"2560\" \/>\n\t<meta property=\"og:image:height\" content=\"964\" \/>\n\t<meta property=\"og:image:type\" content=\"image\/jpeg\" \/>\n<meta name=\"twitter:card\" content=\"summary_large_image\" \/>\n<meta name=\"twitter:label1\" content=\"Gesch\u00e4tzte Lesezeit\" \/>\n\t<meta name=\"twitter:data1\" content=\"5\u00a0Minuten\" \/>\n<script type=\"application\/ld+json\" class=\"yoast-schema-graph\">{\"@context\":\"https:\\\/\\\/schema.org\",\"@graph\":[{\"@type\":\"WebPage\",\"@id\":\"https:\\\/\\\/tenkabest.com\\\/de\\\/cookies-politik\\\/\",\"url\":\"https:\\\/\\\/tenkabest.com\\\/de\\\/cookies-politik\\\/\",\"name\":\"Cookies Politik - TENKA BEST\",\"isPartOf\":{\"@id\":\"https:\\\/\\\/tenkabest.com\\\/de\\\/#website\"},\"datePublished\":\"2018-10-17T09:28:58+00:00\",\"breadcrumb\":{\"@id\":\"https:\\\/\\\/tenkabest.com\\\/de\\\/cookies-politik\\\/#breadcrumb\"},\"inLanguage\":\"de\",\"potentialAction\":[{\"@type\":\"ReadAction\",\"target\":[\"https:\\\/\\\/tenkabest.com\\\/de\\\/cookies-politik\\\/\"]}]},{\"@type\":\"BreadcrumbList\",\"@id\":\"https:\\\/\\\/tenkabest.com\\\/de\\\/cookies-politik\\\/#breadcrumb\",\"itemListElement\":[{\"@type\":\"ListItem\",\"position\":1,\"name\":\"Portada\",\"item\":\"https:\\\/\\\/tenkabest.com\\\/de\\\/\"},{\"@type\":\"ListItem\",\"position\":2,\"name\":\"Cookies Politik\"}]},{\"@type\":\"WebSite\",\"@id\":\"https:\\\/\\\/tenkabest.com\\\/de\\\/#website\",\"url\":\"https:\\\/\\\/tenkabest.com\\\/de\\\/\",\"name\":\"TENKA BEST\",\"description\":\"Fabricamos ambientaci\u00f3n de calidad e insecticidas: mikados, velas, antipolillas, citronela y absorbe olores\",\"publisher\":{\"@id\":\"https:\\\/\\\/tenkabest.com\\\/de\\\/#organization\"},\"alternateName\":\"TenkaBest\",\"potentialAction\":[{\"@type\":\"SearchAction\",\"target\":{\"@type\":\"EntryPoint\",\"urlTemplate\":\"https:\\\/\\\/tenkabest.com\\\/de\\\/?s={search_term_string}\"},\"query-input\":{\"@type\":\"PropertyValueSpecification\",\"valueRequired\":true,\"valueName\":\"search_term_string\"}}],\"inLanguage\":\"de\"},{\"@type\":\"Organization\",\"@id\":\"https:\\\/\\\/tenkabest.com\\\/de\\\/#organization\",\"name\":\"TENKA BEST\",\"alternateName\":\"TenkaBest\",\"url\":\"https:\\\/\\\/tenkabest.com\\\/de\\\/\",\"logo\":{\"@type\":\"ImageObject\",\"inLanguage\":\"de\",\"@id\":\"https:\\\/\\\/tenkabest.com\\\/de\\\/#\\\/schema\\\/logo\\\/image\\\/\",\"url\":\"https:\\\/\\\/tenkabest.com\\\/wp-content\\\/uploads\\\/2024\\\/03\\\/logo_tenkabest_web5cm-e1711368714464.jpg\",\"contentUrl\":\"https:\\\/\\\/tenkabest.com\\\/wp-content\\\/uploads\\\/2024\\\/03\\\/logo_tenkabest_web5cm-e1711368714464.jpg\",\"width\":250,\"height\":69,\"caption\":\"TENKA BEST\"},\"image\":{\"@id\":\"https:\\\/\\\/tenkabest.com\\\/de\\\/#\\\/schema\\\/logo\\\/image\\\/\"},\"sameAs\":[\"https:\\\/\\\/www.linkedin.com\\\/company\\\/tenka-best-s-l-\",\"https:\\\/\\\/www.youtube.com\\\/@tenkabest-canal\"]}]}<\/script>\n<!-- \/ Yoast SEO plugin. -->","yoast_head_json":{"title":"Cookies Politik - TENKA BEST","robots":{"index":"index","follow":"follow","max-snippet":"max-snippet:-1","max-image-preview":"max-image-preview:large","max-video-preview":"max-video-preview:-1"},"canonical":"https:\/\/tenkabest.com\/de\/cookies-politik\/","og_locale":"de_DE","og_type":"article","og_title":"Cookies Politik - TENKA BEST","og_description":"1-WAS SIND KEKSE? Cookies sind kleine Datendateien, die auf dem&hellip; Seguir Leyendo Cookies Politik","og_url":"https:\/\/tenkabest.com\/de\/cookies-politik\/","og_site_name":"TENKA BEST","og_image":[{"width":2560,"height":964,"url":"https:\/\/tenkabest.com\/wp-content\/uploads\/2021\/03\/slide3nou.jpg","type":"image\/jpeg"}],"twitter_card":"summary_large_image","twitter_misc":{"Gesch\u00e4tzte Lesezeit":"5\u00a0Minuten"},"schema":{"@context":"https:\/\/schema.org","@graph":[{"@type":"WebPage","@id":"https:\/\/tenkabest.com\/de\/cookies-politik\/","url":"https:\/\/tenkabest.com\/de\/cookies-politik\/","name":"Cookies Politik - TENKA BEST","isPartOf":{"@id":"https:\/\/tenkabest.com\/de\/#website"},"datePublished":"2018-10-17T09:28:58+00:00","breadcrumb":{"@id":"https:\/\/tenkabest.com\/de\/cookies-politik\/#breadcrumb"},"inLanguage":"de","potentialAction":[{"@type":"ReadAction","target":["https:\/\/tenkabest.com\/de\/cookies-politik\/"]}]},{"@type":"BreadcrumbList","@id":"https:\/\/tenkabest.com\/de\/cookies-politik\/#breadcrumb","itemListElement":[{"@type":"ListItem","position":1,"name":"Portada","item":"https:\/\/tenkabest.com\/de\/"},{"@type":"ListItem","position":2,"name":"Cookies Politik"}]},{"@type":"WebSite","@id":"https:\/\/tenkabest.com\/de\/#website","url":"https:\/\/tenkabest.com\/de\/","name":"TENKA BEST","description":"Fabricamos ambientaci\u00f3n de calidad e insecticidas: mikados, velas, antipolillas, citronela y absorbe olores","publisher":{"@id":"https:\/\/tenkabest.com\/de\/#organization"},"alternateName":"TenkaBest","potentialAction":[{"@type":"SearchAction","target":{"@type":"EntryPoint","urlTemplate":"https:\/\/tenkabest.com\/de\/?s={search_term_string}"},"query-input":{"@type":"PropertyValueSpecification","valueRequired":true,"valueName":"search_term_string"}}],"inLanguage":"de"},{"@type":"Organization","@id":"https:\/\/tenkabest.com\/de\/#organization","name":"TENKA BEST","alternateName":"TenkaBest","url":"https:\/\/tenkabest.com\/de\/","logo":{"@type":"ImageObject","inLanguage":"de","@id":"https:\/\/tenkabest.com\/de\/#\/schema\/logo\/image\/","url":"https:\/\/tenkabest.com\/wp-content\/uploads\/2024\/03\/logo_tenkabest_web5cm-e1711368714464.jpg","contentUrl":"https:\/\/tenkabest.com\/wp-content\/uploads\/2024\/03\/logo_tenkabest_web5cm-e1711368714464.jpg","width":250,"height":69,"caption":"TENKA BEST"},"image":{"@id":"https:\/\/tenkabest.com\/de\/#\/schema\/logo\/image\/"},"sameAs":["https:\/\/www.linkedin.com\/company\/tenka-best-s-l-","https:\/\/www.youtube.com\/@tenkabest-canal"]}]}},"_links":{"self":[{"href":"https:\/\/tenkabest.com\/de\/wp-json\/wp\/v2\/pages\/5972","targetHints":{"allow":["GET"]}}],"collection":[{"href":"https:\/\/tenkabest.com\/de\/wp-json\/wp\/v2\/pages"}],"about":[{"href":"https:\/\/tenkabest.com\/de\/wp-json\/wp\/v2\/types\/page"}],"author":[{"embeddable":true,"href":"https:\/\/tenkabest.com\/de\/wp-json\/wp\/v2\/users\/3"}],"replies":[{"embeddable":true,"href":"https:\/\/tenkabest.com\/de\/wp-json\/wp\/v2\/comments?post=5972"}],"version-history":[{"count":0,"href":"https:\/\/tenkabest.com\/de\/wp-json\/wp\/v2\/pages\/5972\/revisions"}],"wp:attachment":[{"href":"https:\/\/tenkabest.com\/de\/wp-json\/wp\/v2\/media?parent=5972"}],"curies":[{"name":"wp","href":"https:\/\/api.w.org\/{rel}","templated":true}]}}