{"id":5969,"date":"2018-10-17T09:40:15","date_gmt":"2018-10-17T09:40:15","guid":{"rendered":"https:\/\/tenkabest.com\/datenschutzbestimmungen\/"},"modified":"2025-11-05T13:04:32","modified_gmt":"2025-11-05T13:04:32","slug":"datenschutzbestimmungen","status":"publish","type":"page","link":"https:\/\/tenkabest.com\/de\/datenschutzbestimmungen\/","title":{"rendered":"Datenschutzbestimmungen"},"content":{"rendered":"<h2>Datenschutzbestimmungen<\/h2>\n<h2>1-LINK-POLITIK UND HAFTUNGSAUSSCHL\u00dcSSE<\/h2>\n<p><strong>TENKA BEST SLU<\/strong> ist nicht verantwortlich f\u00fcr den Inhalt der Webseiten, auf die der Benutzer \u00fcber die auf ihren Websites eingerichteten Links zugreifen kann, und erkl\u00e4rt, dass sie unter keinen Umst\u00e4nden den Inhalt anderer Seiten im Netz \u00fcberpr\u00fcft oder in irgendeiner Weise kontrolliert.<br \/>\nEbenso \u00fcbernimmt sie keine Garantie f\u00fcr die technische Verf\u00fcgbarkeit, die Genauigkeit, die Richtigkeit, die G\u00fcltigkeit oder die Rechtm\u00e4\u00dfigkeit von Seiten au\u00dferhalb ihres Eigentums, auf die \u00fcber die Links zugegriffen werden kann.<br \/>\n<strong>TENKA BEST SLU<\/strong> erkl\u00e4rt, dass sie alle notwendigen Ma\u00dfnahmen ergriffen hat, um jegliche Sch\u00e4den zu vermeiden, die durch das Surfen auf ihren Webseiten entstehen k\u00f6nnen. Folglich haftet <strong>TENKA BEST SLU<\/strong> unter keinen Umst\u00e4nden f\u00fcr Sch\u00e4den, die dem Benutzer durch das Surfen im Internet entstehen k\u00f6nnen.<br \/>\n<strong>TENKA BEST SLU<\/strong> haftet nicht f\u00fcr Sch\u00e4den jeglicher Art, die dem Nutzer infolge von St\u00f6rungen oder Unterbrechungen der Telekommunikationsnetze entstehen, die zur Aussetzung, Stornierung, Installation oder Unterbrechung des Webdienstes w\u00e4hrend der Bereitstellung desselben oder davor f\u00fchren.<br \/>\nDer Zugriff auf die Website: tenkabest.com verpflichtet das Unternehmen nicht dazu, die Abwesenheit von Viren oder anderen sch\u00e4dlichen Computerelementen zu \u00fcberpr\u00fcfen. Es liegt in jedem Fall in der Verantwortung des Nutzers, daf\u00fcr zu sorgen, dass geeignete Tools zur Erkennung und Desinfektion von sch\u00e4dlichen Computerprogrammen zur Verf\u00fcgung stehen.<br \/>\n<strong>TENKA BEST SLU<\/strong> haftet nicht f\u00fcr Sch\u00e4den, die w\u00e4hrend der Bereitstellung des Dienstes auf dem Portal an der Computerausr\u00fcstung, den Dokumenten und\/oder Dateien der Benutzer oder Dritter entstehen.<\/p>\n<p>&nbsp;<\/p>\n<h2>2-ADVERTISING<\/h2>\n<p>Die Website: tenkabest.com kann Werbung oder gesponserte Inhalte enthalten. Die Inserenten oder Sponsoren sind allein daf\u00fcr verantwortlich, dass das zur Aufnahme in die Website eingereichte Material mit den geltenden Gesetzen \u00fcbereinstimmt.<br \/>\nTENKA BEST SLU haftet nicht f\u00fcr Fehler, Ungenauigkeiten oder Unregelm\u00e4\u00dfigkeiten, die in den Werbeinhalten oder Sponsoren enthalten sein k\u00f6nnen.<\/p>\n<p>&nbsp;<\/p>\n<h2>3-\u00c4NDERUNGEN<\/h2>\n<p>TENKA BEST SLU beh\u00e4lt sich das Recht vor, ohne Vorank\u00fcndigung \u00c4nderungen am Inhalt ihrer Websites vorzunehmen, und zwar sowohl am Inhalt der Websites als auch an deren Nutzungsbedingungen oder allgemeinen Vertragsbedingungen. Diese \u00c4nderungen k\u00f6nnen \u00fcber ihre Websites in jeder rechtlich zul\u00e4ssigen Weise vorgenommen werden und sind so lange verbindlich, wie sie auf der Website ver\u00f6ffentlicht sind und bis sie durch sp\u00e4tere \u00c4nderungen angepasst werden.<\/p>\n<p>&nbsp;<\/p>\n<p>&nbsp;<\/p>\n<h2>4-RESERVIERUNG VON COOKIES<\/h2>\n<p>TENKA BEST SLU beh\u00e4lt sich das Recht vor, beim Surfen auf ihren Websites Cookies zu verwenden, um die Personalisierung und den Komfort des Surfens zu erleichtern. In \u00dcbereinstimmung mit der Datenschutzpolitik des Unternehmens informiert TENKA BEST SLU, dass die Cookies mit dem anonymen Benutzer und seinem Computer in Verbindung gebracht werden und an sich weder den Namen noch den Nachnamen des Benutzers liefern.<br \/>\nDer Benutzer hat die M\u00f6glichkeit, seinen Browser so zu konfigurieren, dass er \u00fcber den Empfang von Cookies informiert wird, und kann, wenn er dies w\u00fcnscht, deren Installation auf seiner Festplatte verhindern. F\u00fcr den Zugriff auf die TENKA BEST SLU Websites ist die Installation von Cookies jedoch nicht zwingend erforderlich.<br \/>\nDer Nutzer verpflichtet sich, die Inhalte nicht zu vervielf\u00e4ltigen, zu kopieren, zu verbreiten, zur Verf\u00fcgung zu stellen oder in sonstiger Weise \u00f6ffentlich wiederzugeben, umzugestalten oder zu ver\u00e4ndern, es sei denn, der Inhaber der entsprechenden Rechte hat dies genehmigt oder es ist gesetzlich zul\u00e4ssig.<\/p>\n<p>&nbsp;<\/p>\n<p>&nbsp;<\/p>\n<h2>5-PERSONEN-DATENSCHUTZ<\/h2>\n<p>Gem\u00e4\u00df den Bestimmungen des K\u00f6niglichen Gesetzesdekrets 5\/2018 zur Anpassung des spanischen Rechts an die Verordnungen der Europ\u00e4ischen Union, zur Anwendung der Allgemeinen Verordnung-EU-2016\/679 des Europ\u00e4ischen Parlaments und des Europarats \u00fcber den Schutz personenbezogener Daten, die am 27. April 2016 verabschiedet wurde, und der <strong>LOPD<\/strong> 3\/2018, zur Gew\u00e4hrleistung der digitalen Rechte, <strong>TENKA<\/strong> <strong>BEST SLU<\/strong> informiert die Nutzer seiner Websites, dass wir verpflichtet sind, \u00fcber die pers\u00f6nlichen Daten, die das Unternehmen \u00fcber die Formulare auf seinen Seiten sammelt, Stillschweigen zu bewahren, dass diese Verpflichtung auch nach Beendigung unserer gesch\u00e4ftlichen oder vertraglichen Beziehung fortbesteht und dass wir in keinem Fall die pers\u00f6nlichen Daten von Web-Besuchern und Kunden ohne deren Zustimmung ver\u00f6ffentlichen k\u00f6nnen. Kinder unter 14 Jahren k\u00f6nnen der Erfassung und Verarbeitung ihrer pers\u00f6nlichen Daten durch ein Unternehmen nicht zustimmen; nur ihre gesetzlichen Vertreter (Eltern oder Erziehungsberechtigte) k\u00f6nnen dies in ihrem Namen tun. Unternehmen, die Daten von Kindern unter 14 Jahren verarbeiten m\u00fcssen, m\u00fcssen \u00fcber die M\u00f6glichkeit verf\u00fcgen, die Zustimmung der Eltern oder Erziehungsberechtigten einzuholen, z. B. durch eine an einen von ihnen gerichtete E-Mail-Nachricht mit einem Link zu einem elektronischen Formular. Kinder unter 14 Jahren k\u00f6nnen nicht nach Familiendaten gefragt werden. Die einzige Ausnahme sind die Identifikations- und Kontaktdaten der Eltern oder Erziehungsberechtigten.<br \/>\nDiese Daten werden unter der Verantwortung des Webadministrators, <strong>TENKA<\/strong> <strong>BEST<\/strong> <strong>SLU<\/strong>, in eine automatisierte Datei eingegeben, um die zwischen den beiden Parteien eingegangenen Verpflichtungen zu erleichtern, zu beschleunigen und zu erf\u00fcllen. Au\u00dferdem ist <strong>TENKA<\/strong> <strong>BEST<\/strong> <strong>SLU<\/strong> informiert \u00fcber die M\u00f6glichkeit der Aus\u00fcbung der Rechte auf Zugang, wodurch der Webnutzer erfahren kann, \u00fcber welche personenbezogenen Daten der Administrator dieser Seite verf\u00fcgt und in diesem Fall innerhalb von 30 Tagen antworten wird, sofern Sie die Daten aufbewahren, Berichtigung, wodurch Sie Fehler korrigieren, ungenaue oder unvollst\u00e4ndige Daten \u00e4ndern und die Richtigkeit der Informationen sicherstellen k\u00f6nnen, Widerspruch, wodurch Sie die Nichtdurchf\u00fchrung der Verarbeitung von Daten beantragen und erhalten k\u00f6nnen, die Unterdr\u00fcckung, die es erm\u00f6glicht, unangemessene oder \u00fcberm\u00e4\u00dfige Daten zu l\u00f6schen, die Einschr\u00e4nkung, mit der Sie verlangen k\u00f6nnen, dass die Verarbeitung Ihrer Daten eingeschr\u00e4nkt wird, wenn Sie Ihr Recht auf Berichtigung Ihrer pers\u00f6nlichen Daten ausge\u00fcbt haben, und die \u00dcbertragbarkeit, so dass der Nutzer eine Kopie der auf der Website bereitgestellten pers\u00f6nlichen Daten erhalten kann, um sie an andere Dienste zu \u00fcbermitteln. Diese Rechte k\u00f6nnen mit jedem Mittel ausge\u00fcbt werden, das den Nachweis des Versands und des Empfangs an die Adresse erm\u00f6glicht: CTRA. RIBES 143-149. Postleitzahl: 08591. Fundort: AIGUAFREDA. Provinz: BARCELONA. E-Mail: <a href=\"mailto:enrique.moreno@tenkabest.com\" target=\"_blank\" rel=\"noopener\">enrique.moreno@tenkabest.com<\/a>\u00a0\u00a0<wbr \/>\u00a0, mit einer Fotokopie Ihres Personalausweises oder einem anderen Dokument, das Ihre Identit\u00e4t belegt.<br \/>\nSofern Sie uns nicht das Gegenteil mitteilen, gehen wir davon aus, dass Ihre Daten nicht ge\u00e4ndert wurden, dass Sie sich verpflichten, uns jede \u00c4nderung mitzuteilen, und dass wir Ihr Einverst\u00e4ndnis haben, diese Daten zum Zweck der Aufrechterhaltung der Beziehung zwischen den Parteien zu verwenden.<br \/>\nDie \u00dcbermittlung Ihrer Daten \u00fcber das\/die Formular(e) auf unserer Website setzt voraus, dass Sie die Datenschutzerkl\u00e4rung gelesen\/akzeptiert haben, indem Sie ein obligatorisches Kontrollk\u00e4stchen am Ende des Formulars aktivieren.<br \/>\nGem\u00e4\u00df den Bestimmungen des Gesetzes 34\/2002 \u00fcber die Dienste der Informationsgesellschaft und des elektronischen Handels in Artikel 21 bitten wir Sie um Ihre Zustimmung, um Ihnen per E-Mail oder \u00fcber ein anderes gleichwertiges elektronisches Kommunikationsmittel Werbemitteilungen zukommen lassen zu k\u00f6nnen, die unserer Meinung nach f\u00fcr Sie von Interesse sein k\u00f6nnten. Diese Zustimmung wird durch ein obligatorisches Kontrollk\u00e4stchen am Ende des Formulars akzeptiert oder verweigert.<\/p>\n<p>&nbsp;<\/p>\n<p>&nbsp;<\/p>\n<h2>6-GEISTIGES EIGENTUM<\/h2>\n<p>Die Rechte am geistigen und gewerblichen Eigentum, die sich aus allen Texten, Bildern sowie den Mitteln und Formen der Pr\u00e4sentation und des Zusammenf\u00fcgens der Seiten ergeben, geh\u00f6ren allein oder als Rechtsnachfolgerin <strong>TENKA<\/strong> <strong>BEST<\/strong> <strong>SLU<\/strong>. Es handelt sich also um Werke, die nach spanischem Recht durch geistiges Eigentum gesch\u00fctzt sind, und die spanischen und gemeinschaftlichen Rechtsvorschriften in diesem Bereich sowie die von Spanien unterzeichneten internationalen Vertr\u00e4ge in diesem Bereich, das K\u00f6nigliche Gesetzesdekret 1\/1996, k\u00f6nnen auf sie angewendet werden.<br \/>\nAlle Rechte vorbehalten. In \u00dcbereinstimmung mit dem Gesetz zum Schutz des geistigen Eigentums ist die Vervielf\u00e4ltigung, Verbreitung, \u00f6ffentliche Wiedergabe und Nutzung des gesamten oder eines Teils des Inhalts der Webseiten ohne die ausdr\u00fcckliche Zustimmung von <strong>TENKA BEST SLU<\/strong> ausdr\u00fccklich untersagt.<br \/>\nEbenso beh\u00e4lt sich <strong>TENKA<\/strong> <strong>BEST<\/strong> <strong>SLU<\/strong> das Recht vor, die ihr angemessen erscheinenden zivil- oder strafrechtlichen Schritte f\u00fcr die missbr\u00e4uchliche Nutzung ihrer Webseiten und Inhalte oder f\u00fcr die Verletzung dieser Bedingungen einzuleiten.<\/p>\n<p>&nbsp;<\/p>\n<h2>7-TRUST-DICHTUNGEN<\/h2>\n<p>Vertrauenssiegel sind Zeichen, die Online-Shops erhalten, um ihre Qualit\u00e4t und Sicherheit beim Online-Verkauf zu belegen.<br \/>\nUm das Siegel zu erhalten, werden sie auditiert oder bewertet, um zu \u00fcberpr\u00fcfen, ob sie die Kriterien der Einkaufssicherheit und der Einhaltung von Gesetzen in Bezug auf den Schutz der Privatsph\u00e4re und der Verbraucherdaten erf\u00fcllen.<br \/>\nGesch\u00e4fte mit einem Vertrauenssiegel verpflichten sich zu einem Verhaltenskodex und bieten Verbrauchern in der Regel einfache, schnelle und bequeme alternative Streitbeilegungsverfahren an.<\/p>\n<p>&nbsp;<\/p>\n<p>&nbsp;<\/p>\n<h2>8-LSSI-EC-KONFORMIT\u00c4T UND DATENSCHUTZZERTIFIKATE<\/h2>\n<p>tenkabest.com h\u00e4lt sich an die geltenden Datenschutzbestimmungen und an die <strong>LSSI-CE<\/strong> und wurde von <strong>GRUPO<\/strong> <strong>QUALIA<\/strong> \u00fcber diese Bestimmungen beraten. Aus diesem Grund hat es die Zertifikate in digitalem Bildformat erhalten, damit es sie auf seiner Website anzeigen kann.<\/p>\n<p>&nbsp;<\/p>\n<p>&nbsp;<\/p>\n<h2>9-RECHTSSTREITIGKEITEN, ANWENDBARES RECHT UND GERICHTSBARKEIT<\/h2>\n<p>Die Beziehung zwischen dem Benutzer und <strong>TENKA BEST SLU<\/strong> unterliegt der geltenden spanischen Gesetzgebung, und die Gerichte der Stadt <strong>GRANOLLERS<\/strong> sind zust\u00e4ndig f\u00fcr die Entscheidung von Streitigkeiten, die zwischen dem Benutzer und <strong>TENKA BEST SLU<\/strong> entstehen k\u00f6nnten.<\/p>\n","protected":false},"excerpt":{"rendered":"<p>Datenschutzbestimmungen 1-LINK-POLITIK UND HAFTUNGSAUSSCHL\u00dcSSE TENKA BEST SLU ist nicht verantwortlich&hellip; <a class=\"continue\" href=\"https:\/\/tenkabest.com\/de\/datenschutzbestimmungen\/\">Seguir Leyendo<span> Datenschutzbestimmungen<\/span><\/a><\/p>\n","protected":false},"author":3,"featured_media":0,"parent":0,"menu_order":0,"comment_status":"closed","ping_status":"closed","template":"","meta":{"footnotes":""},"class_list":["post-5969","page","type-page","status-publish","hentry"],"yoast_head":"<!-- This site is optimized with the Yoast SEO plugin v27.4 - https:\/\/yoast.com\/product\/yoast-seo-wordpress\/ -->\n<title>Datenschutzbestimmungen - TENKA BEST<\/title>\n<meta name=\"robots\" content=\"index, follow, max-snippet:-1, max-image-preview:large, max-video-preview:-1\" \/>\n<link rel=\"canonical\" href=\"https:\/\/tenkabest.com\/de\/datenschutzbestimmungen\/\" \/>\n<meta property=\"og:locale\" content=\"de_DE\" \/>\n<meta property=\"og:type\" content=\"article\" \/>\n<meta property=\"og:title\" content=\"Datenschutzbestimmungen - TENKA BEST\" \/>\n<meta property=\"og:description\" content=\"Datenschutzbestimmungen 1-LINK-POLITIK UND HAFTUNGSAUSSCHL\u00dcSSE TENKA BEST SLU ist nicht verantwortlich&hellip; Seguir Leyendo Datenschutzbestimmungen\" \/>\n<meta property=\"og:url\" content=\"https:\/\/tenkabest.com\/de\/datenschutzbestimmungen\/\" \/>\n<meta property=\"og:site_name\" content=\"TENKA BEST\" \/>\n<meta property=\"article:modified_time\" content=\"2025-11-05T13:04:32+00:00\" \/>\n<meta property=\"og:image\" content=\"https:\/\/tenkabest.com\/wp-content\/uploads\/2021\/03\/slide3nou.jpg\" \/>\n\t<meta property=\"og:image:width\" content=\"2560\" \/>\n\t<meta property=\"og:image:height\" content=\"964\" \/>\n\t<meta property=\"og:image:type\" content=\"image\/jpeg\" \/>\n<meta name=\"twitter:card\" content=\"summary_large_image\" \/>\n<meta name=\"twitter:label1\" content=\"Gesch\u00e4tzte Lesezeit\" \/>\n\t<meta name=\"twitter:data1\" content=\"7\u00a0Minuten\" \/>\n<script type=\"application\/ld+json\" class=\"yoast-schema-graph\">{\"@context\":\"https:\\\/\\\/schema.org\",\"@graph\":[{\"@type\":\"WebPage\",\"@id\":\"https:\\\/\\\/tenkabest.com\\\/de\\\/datenschutzbestimmungen\\\/\",\"url\":\"https:\\\/\\\/tenkabest.com\\\/de\\\/datenschutzbestimmungen\\\/\",\"name\":\"Datenschutzbestimmungen - TENKA BEST\",\"isPartOf\":{\"@id\":\"https:\\\/\\\/tenkabest.com\\\/de\\\/#website\"},\"datePublished\":\"2018-10-17T09:40:15+00:00\",\"dateModified\":\"2025-11-05T13:04:32+00:00\",\"breadcrumb\":{\"@id\":\"https:\\\/\\\/tenkabest.com\\\/de\\\/datenschutzbestimmungen\\\/#breadcrumb\"},\"inLanguage\":\"de\",\"potentialAction\":[{\"@type\":\"ReadAction\",\"target\":[\"https:\\\/\\\/tenkabest.com\\\/de\\\/datenschutzbestimmungen\\\/\"]}]},{\"@type\":\"BreadcrumbList\",\"@id\":\"https:\\\/\\\/tenkabest.com\\\/de\\\/datenschutzbestimmungen\\\/#breadcrumb\",\"itemListElement\":[{\"@type\":\"ListItem\",\"position\":1,\"name\":\"Portada\",\"item\":\"https:\\\/\\\/tenkabest.com\\\/de\\\/\"},{\"@type\":\"ListItem\",\"position\":2,\"name\":\"Datenschutzbestimmungen\"}]},{\"@type\":\"WebSite\",\"@id\":\"https:\\\/\\\/tenkabest.com\\\/de\\\/#website\",\"url\":\"https:\\\/\\\/tenkabest.com\\\/de\\\/\",\"name\":\"TENKA BEST\",\"description\":\"Fabricamos ambientaci\u00f3n de calidad e insecticidas: mikados, velas, antipolillas, citronela y absorbe olores\",\"publisher\":{\"@id\":\"https:\\\/\\\/tenkabest.com\\\/de\\\/#organization\"},\"alternateName\":\"TenkaBest\",\"potentialAction\":[{\"@type\":\"SearchAction\",\"target\":{\"@type\":\"EntryPoint\",\"urlTemplate\":\"https:\\\/\\\/tenkabest.com\\\/de\\\/?s={search_term_string}\"},\"query-input\":{\"@type\":\"PropertyValueSpecification\",\"valueRequired\":true,\"valueName\":\"search_term_string\"}}],\"inLanguage\":\"de\"},{\"@type\":\"Organization\",\"@id\":\"https:\\\/\\\/tenkabest.com\\\/de\\\/#organization\",\"name\":\"TENKA BEST\",\"alternateName\":\"TenkaBest\",\"url\":\"https:\\\/\\\/tenkabest.com\\\/de\\\/\",\"logo\":{\"@type\":\"ImageObject\",\"inLanguage\":\"de\",\"@id\":\"https:\\\/\\\/tenkabest.com\\\/de\\\/#\\\/schema\\\/logo\\\/image\\\/\",\"url\":\"https:\\\/\\\/tenkabest.com\\\/wp-content\\\/uploads\\\/2024\\\/03\\\/logo_tenkabest_web5cm-e1711368714464.jpg\",\"contentUrl\":\"https:\\\/\\\/tenkabest.com\\\/wp-content\\\/uploads\\\/2024\\\/03\\\/logo_tenkabest_web5cm-e1711368714464.jpg\",\"width\":250,\"height\":69,\"caption\":\"TENKA BEST\"},\"image\":{\"@id\":\"https:\\\/\\\/tenkabest.com\\\/de\\\/#\\\/schema\\\/logo\\\/image\\\/\"},\"sameAs\":[\"https:\\\/\\\/www.linkedin.com\\\/company\\\/tenka-best-s-l-\",\"https:\\\/\\\/www.youtube.com\\\/@tenkabest-canal\"]}]}<\/script>\n<!-- \/ Yoast SEO plugin. -->","yoast_head_json":{"title":"Datenschutzbestimmungen - TENKA BEST","robots":{"index":"index","follow":"follow","max-snippet":"max-snippet:-1","max-image-preview":"max-image-preview:large","max-video-preview":"max-video-preview:-1"},"canonical":"https:\/\/tenkabest.com\/de\/datenschutzbestimmungen\/","og_locale":"de_DE","og_type":"article","og_title":"Datenschutzbestimmungen - TENKA BEST","og_description":"Datenschutzbestimmungen 1-LINK-POLITIK UND HAFTUNGSAUSSCHL\u00dcSSE TENKA BEST SLU ist nicht verantwortlich&hellip; Seguir Leyendo Datenschutzbestimmungen","og_url":"https:\/\/tenkabest.com\/de\/datenschutzbestimmungen\/","og_site_name":"TENKA BEST","article_modified_time":"2025-11-05T13:04:32+00:00","og_image":[{"width":2560,"height":964,"url":"https:\/\/tenkabest.com\/wp-content\/uploads\/2021\/03\/slide3nou.jpg","type":"image\/jpeg"}],"twitter_card":"summary_large_image","twitter_misc":{"Gesch\u00e4tzte Lesezeit":"7\u00a0Minuten"},"schema":{"@context":"https:\/\/schema.org","@graph":[{"@type":"WebPage","@id":"https:\/\/tenkabest.com\/de\/datenschutzbestimmungen\/","url":"https:\/\/tenkabest.com\/de\/datenschutzbestimmungen\/","name":"Datenschutzbestimmungen - TENKA BEST","isPartOf":{"@id":"https:\/\/tenkabest.com\/de\/#website"},"datePublished":"2018-10-17T09:40:15+00:00","dateModified":"2025-11-05T13:04:32+00:00","breadcrumb":{"@id":"https:\/\/tenkabest.com\/de\/datenschutzbestimmungen\/#breadcrumb"},"inLanguage":"de","potentialAction":[{"@type":"ReadAction","target":["https:\/\/tenkabest.com\/de\/datenschutzbestimmungen\/"]}]},{"@type":"BreadcrumbList","@id":"https:\/\/tenkabest.com\/de\/datenschutzbestimmungen\/#breadcrumb","itemListElement":[{"@type":"ListItem","position":1,"name":"Portada","item":"https:\/\/tenkabest.com\/de\/"},{"@type":"ListItem","position":2,"name":"Datenschutzbestimmungen"}]},{"@type":"WebSite","@id":"https:\/\/tenkabest.com\/de\/#website","url":"https:\/\/tenkabest.com\/de\/","name":"TENKA BEST","description":"Fabricamos ambientaci\u00f3n de calidad e insecticidas: mikados, velas, antipolillas, citronela y absorbe olores","publisher":{"@id":"https:\/\/tenkabest.com\/de\/#organization"},"alternateName":"TenkaBest","potentialAction":[{"@type":"SearchAction","target":{"@type":"EntryPoint","urlTemplate":"https:\/\/tenkabest.com\/de\/?s={search_term_string}"},"query-input":{"@type":"PropertyValueSpecification","valueRequired":true,"valueName":"search_term_string"}}],"inLanguage":"de"},{"@type":"Organization","@id":"https:\/\/tenkabest.com\/de\/#organization","name":"TENKA BEST","alternateName":"TenkaBest","url":"https:\/\/tenkabest.com\/de\/","logo":{"@type":"ImageObject","inLanguage":"de","@id":"https:\/\/tenkabest.com\/de\/#\/schema\/logo\/image\/","url":"https:\/\/tenkabest.com\/wp-content\/uploads\/2024\/03\/logo_tenkabest_web5cm-e1711368714464.jpg","contentUrl":"https:\/\/tenkabest.com\/wp-content\/uploads\/2024\/03\/logo_tenkabest_web5cm-e1711368714464.jpg","width":250,"height":69,"caption":"TENKA BEST"},"image":{"@id":"https:\/\/tenkabest.com\/de\/#\/schema\/logo\/image\/"},"sameAs":["https:\/\/www.linkedin.com\/company\/tenka-best-s-l-","https:\/\/www.youtube.com\/@tenkabest-canal"]}]}},"_links":{"self":[{"href":"https:\/\/tenkabest.com\/de\/wp-json\/wp\/v2\/pages\/5969","targetHints":{"allow":["GET"]}}],"collection":[{"href":"https:\/\/tenkabest.com\/de\/wp-json\/wp\/v2\/pages"}],"about":[{"href":"https:\/\/tenkabest.com\/de\/wp-json\/wp\/v2\/types\/page"}],"author":[{"embeddable":true,"href":"https:\/\/tenkabest.com\/de\/wp-json\/wp\/v2\/users\/3"}],"replies":[{"embeddable":true,"href":"https:\/\/tenkabest.com\/de\/wp-json\/wp\/v2\/comments?post=5969"}],"version-history":[{"count":2,"href":"https:\/\/tenkabest.com\/de\/wp-json\/wp\/v2\/pages\/5969\/revisions"}],"predecessor-version":[{"id":15642,"href":"https:\/\/tenkabest.com\/de\/wp-json\/wp\/v2\/pages\/5969\/revisions\/15642"}],"wp:attachment":[{"href":"https:\/\/tenkabest.com\/de\/wp-json\/wp\/v2\/media?parent=5969"}],"curies":[{"name":"wp","href":"https:\/\/api.w.org\/{rel}","templated":true}]}}